{"id":1010,"date":"2023-06-05T14:46:37","date_gmt":"2023-06-05T12:46:37","guid":{"rendered":"http:\/\/aa-services.ch\/WP\/?page_id=1010"},"modified":"2025-08-04T12:07:33","modified_gmt":"2025-08-04T10:07:33","slug":"agb","status":"publish","type":"page","link":"https:\/\/aa-services.ch\/WP\/impressum-2\/agb\/","title":{"rendered":"AGB"},"content":{"rendered":"\n<h1 class=\"wp-block-heading\">Allgemeine Gesch\u00e4ftsbedingungen<\/h1>\n\n\n\n<p>1. Geltung der AGB<\/p>\n\n\n\n<p><em>aa-services<\/em> erbringt alle Leistungen ausschliesslich auf der Basis der nachfolgenden AGB, in der zum Zeitpunkt der Auftragserteilung g\u00fcltigen Fassung. Diese Gesch\u00e4ftsbedingungen gelten insbesondere auch, wenn sie von denjenigen des Kunden differieren sollten. Diese AGB gelten auf unbestimmte Zeit, solange sie nicht von den Parteien in schriftlicher Vereinbarung ge\u00e4ndert wurden. Sollten einzelne Bestimmungen dieser AGB unwirksam sein, unwirksam werden oder besteht eine L\u00fccke, so bleibt die Rechtswirksamkeit der \u00fcbrigen Bestimmungen hiervon unber\u00fchrt. Anstelle der unwirksamen Bestimmungen gilt eine wirksame Bestimmung als von Anfang an vereinbart, die der von den Parteien gewollten wirtschaftlich am n\u00e4chsten kommt. Das Gleiche gilt im Falle einer L\u00fccke.<\/p>\n\n\n\n<p>2. Angebot<\/p>\n\n\n\n<p>Unsere Preislisten, Prospekte und Ver\u00f6ffentlichungen sind grunds\u00e4tzlich unverbindlich. Insbesondere sind Irrtum bei Beschreibung, Abbildung und Preisangabe vorbehalten. Bei kurzfristigen Preis\u00e4nderungen wird der Kunde jedoch so rasch als m\u00f6glich informiert und kann als Folge dessen vom Auftrag zur\u00fccktreten. Ein Angebot ist bis auf Widerruf g\u00fcltig, sofern nicht schriftlich etwas anderes vereinbart wurde.<\/p>\n\n\n\n<p>3. Vertragsabschluss<\/p>\n\n\n\n<p>Der Vertrag zwischen dem Kunden und <em>aa-services<\/em> kommt durch einen Antrag des Kunden und dessen Annahme durch aa-services zustande. Die Bestellung des Kunden erfolgt \u00fcber die Website, per E-Mail, telefonisch, pers\u00f6nlich, per Fax oder Brief. <em>aa-services<\/em> nimmt die Bestellung an, indem sie dem Kunden eine Auftragsbest\u00e4tigung (per Email, Fax oder Briefpost) \u00fcbermittelt.<\/p>\n\n\n\n<p>4. Zahlungsbedingungen<\/p>\n\n\n\n<p>S\u00e4mtliche Preise verstehen sich in Schweizer Franken (CHF), inklusive der gesetzlichen Mehrwertsteuer.<br>Die Zahlungsfrist betr\u00e4gt 10 Tage ab Auftragsbest\u00e4tigung.<br>Sobald <em>aa-services<\/em> ein Zahlungsbeleg f\u00fcr eine aufgegebene Bestelllung vorliegt, wird diese an den Kunden verschickt.<\/p>\n\n\n\n<p>5. Datenschutz<\/p>\n\n\n\n<p><em>aa-services<\/em> speichert Daten nur im Rahmen ihres Bestimmungszweckes. Keinesfalls werden die gespeicherten Daten ohne Zustimmung der Betreffenden an Dritte weitergegeben, verkauft oder zu Werbezwecken verwendet.<br>Eine L\u00f6schung aller gespeicherten Daten kann jederzeit verlangt werden.<\/p>\n\n\n\n<p>6. Anwendbares Recht, Gerichtsstand und Erf\u00fcllungsort<\/p>\n\n\n\n<p>Die vorliegenden AGB und die Vertr\u00e4ge, die aufgrund dieser AGB geschlossen werden, unterliegen ausschliesslich schweizerischem Recht.<br>Ausschliesslicher Erf\u00fcllungsort und Gerichtsstand ist am Sitz von <em>aa-services<\/em>. Wir d\u00fcrfen jedoch auch das Gericht am (Wohn-)Sitz des Kunden aufrufen.<br>Mit der Aufgabe einer Bestellung durch den Besteller gelten diese allgemeinen Gesch\u00e4ftsbedingungen als akzeptiert.<br><em>aa-services<\/em> beh\u00e4lt sich jederzeitige \u00e4nderungen oder Erg\u00e4nzungen dieser Allgemeinen Gesch\u00e4ftsbedingungen vor.<\/p>\n\n\n\n<p>Wangen, im Mai 2015<\/p>\n","protected":false},"excerpt":{"rendered":"<p>Allgemeine Gesch\u00e4ftsbedingungen 1. Geltung der AGB aa-services erbringt alle Leistungen ausschliesslich auf der Basis der nachfolgenden AGB, in der zum Zeitpunkt der Auftragserteilung g\u00fcltigen Fassung. Diese Gesch\u00e4ftsbedingungen gelten insbesondere auch, wenn sie von denjenigen des Kunden differieren sollten. Diese AGB gelten auf unbestimmte Zeit, solange sie nicht von den Parteien in schriftlicher Vereinbarung ge\u00e4ndert wurden.<\/p>\n<p class=\"more-link\"><a href=\"https:\/\/aa-services.ch\/WP\/impressum-2\/agb\/\" class=\"themebutton2\">Read More<\/a><\/p>\n","protected":false},"author":1,"featured_media":0,"parent":1727,"menu_order":0,"comment_status":"closed","ping_status":"closed","template":"","meta":{"footnotes":""},"class_list":["post-1010","page","type-page","status-publish","hentry"],"_links":{"self":[{"href":"https:\/\/aa-services.ch\/WP\/wp-json\/wp\/v2\/pages\/1010","targetHints":{"allow":["GET"]}}],"collection":[{"href":"https:\/\/aa-services.ch\/WP\/wp-json\/wp\/v2\/pages"}],"about":[{"href":"https:\/\/aa-services.ch\/WP\/wp-json\/wp\/v2\/types\/page"}],"author":[{"embeddable":true,"href":"https:\/\/aa-services.ch\/WP\/wp-json\/wp\/v2\/users\/1"}],"replies":[{"embeddable":true,"href":"https:\/\/aa-services.ch\/WP\/wp-json\/wp\/v2\/comments?post=1010"}],"version-history":[{"count":1,"href":"https:\/\/aa-services.ch\/WP\/wp-json\/wp\/v2\/pages\/1010\/revisions"}],"predecessor-version":[{"id":1523,"href":"https:\/\/aa-services.ch\/WP\/wp-json\/wp\/v2\/pages\/1010\/revisions\/1523"}],"up":[{"embeddable":true,"href":"https:\/\/aa-services.ch\/WP\/wp-json\/wp\/v2\/pages\/1727"}],"wp:attachment":[{"href":"https:\/\/aa-services.ch\/WP\/wp-json\/wp\/v2\/media?parent=1010"}],"curies":[{"name":"wp","href":"https:\/\/api.w.org\/{rel}","templated":true}]}}