{"id":1727,"date":"2025-08-04T12:02:40","date_gmt":"2025-08-04T10:02:40","guid":{"rendered":"https:\/\/aa-services.ch\/WP\/?page_id=1727"},"modified":"2025-08-04T12:31:31","modified_gmt":"2025-08-04T10:31:31","slug":"impressum-2","status":"publish","type":"page","link":"https:\/\/aa-services.ch\/WP\/impressum-2\/","title":{"rendered":"Impressum"},"content":{"rendered":"\n<div class=\"wp-block-group\"><div class=\"wp-block-group__inner-container is-layout-flow wp-block-group-is-layout-flow\"><div class=\"wp-block-image is-style-rounded\">\n<figure class=\"aligncenter\"><img loading=\"lazy\" decoding=\"async\" width=\"1024\" height=\"224\" src=\"https:\/\/aa-services.ch\/WP\/wp-content\/uploads\/2019\/10\/emporium-1-1024x224.gif\" alt=\"\" class=\"wp-image-803\" srcset=\"https:\/\/aa-services.ch\/WP\/wp-content\/uploads\/2019\/10\/emporium-1-1024x224.gif 1024w, https:\/\/aa-services.ch\/WP\/wp-content\/uploads\/2019\/10\/emporium-1-600x131.gif 600w, https:\/\/aa-services.ch\/WP\/wp-content\/uploads\/2019\/10\/emporium-1-300x66.gif 300w, https:\/\/aa-services.ch\/WP\/wp-content\/uploads\/2019\/10\/emporium-1-768x168.gif 768w\" sizes=\"auto, (max-width: 1024px) 100vw, 1024px\" \/><\/figure><\/div><\/div><\/div>\n\n\n\n<p><\/p>\n\n\n\n<div class=\"wp-block-columns is-layout-flex wp-container-core-columns-is-layout-9d6595d7 wp-block-columns-is-layout-flex\">\n<div class=\"wp-block-column is-layout-flow wp-block-column-is-layout-flow\">\n<p><\/p>\n\n\n\n<p class=\"has-text-align-left\" style=\"font-size:18px\">Liebe Musik-Interessierte<\/p>\n\n\n\n<p class=\"has-text-align-left\" style=\"font-size:18px\">Im goldenen Zeitalter der Schaumschl\u00e4ger, Alleswisser, Bazar-Profis und Klang-Banausen ist es nicht einfach, den \u00dcberblick zu bewahren. Wer seine Informationen nicht von gesponserten und nichtssagenden \u201eTests\u201c in Magazinen, Blogs oder YouTube beziehen will, ist bei uns an der richtigen Adresse.<\/p>\n\n\n\n<p class=\"has-text-align-left\" style=\"font-size:18px\">Aussergew\u00f6hnliche Musikwiedergabe-Ger\u00e4te abseits der ausgetretenen Pfade entdecken und mit den passenden Komponenten kombinieren: Das macht Freude. Musikgenuss f\u00fcr Individualisten eben.<\/p>\n\n\n\n<p class=\"has-text-align-left\" style=\"font-size:18px\">Wer Lust hat, mal ein Ohr \/ Auge zu riskieren, ist herzlich willkommen. Parkpl\u00e4tze hat es zum Gen\u00fcge direkt vor dem Haus, vom Bahnhof sind wir in 10 Minuten zu Fuss erreichbar. Im Sommer ist es bei uns angenehm k\u00fchl und im Winter wohlig warm.<\/p>\n\n\n\n<p class=\"has-text-align-left\" style=\"font-size:18px\">Bevor ich es vergesse: Unter gewissen Bedingungen kann man Lagerartikel auch bei sich zu Hause ausprobieren. <a href=\"mailto:info@aa-services.ch?subject=Probehoeren\">Anfragen<\/a> kostet nichts.<\/p>\n\n\n\n<p class=\"has-text-align-left\" style=\"font-size:18px\">Bis bald auf ein Wiedersehen oder Kennenlernen.<\/p>\n\n\n\n<p style=\"font-size:18px\"><em>Dan <\/em>\u266b<\/p>\n<\/div>\n<\/div>\n","protected":false},"excerpt":{"rendered":"<p>Liebe Musik-Interessierte Im goldenen Zeitalter der Schaumschl\u00e4ger, Alleswisser, Bazar-Profis und Klang-Banausen ist es nicht einfach, den \u00dcberblick zu bewahren. Wer seine Informationen nicht von gesponserten und nichtssagenden \u201eTests\u201c in Magazinen, Blogs oder YouTube beziehen will, ist bei uns an der richtigen Adresse. Aussergew\u00f6hnliche Musikwiedergabe-Ger\u00e4te abseits der ausgetretenen Pfade entdecken und mit den passenden Komponenten kombinieren:<\/p>\n<p class=\"more-link\"><a href=\"https:\/\/aa-services.ch\/WP\/impressum-2\/\" class=\"themebutton2\">Read More<\/a><\/p>\n","protected":false},"author":1,"featured_media":0,"parent":0,"menu_order":7,"comment_status":"closed","ping_status":"closed","template":"","meta":{"footnotes":""},"class_list":["post-1727","page","type-page","status-publish","hentry"],"_links":{"self":[{"href":"https:\/\/aa-services.ch\/WP\/wp-json\/wp\/v2\/pages\/1727","targetHints":{"allow":["GET"]}}],"collection":[{"href":"https:\/\/aa-services.ch\/WP\/wp-json\/wp\/v2\/pages"}],"about":[{"href":"https:\/\/aa-services.ch\/WP\/wp-json\/wp\/v2\/types\/page"}],"author":[{"embeddable":true,"href":"https:\/\/aa-services.ch\/WP\/wp-json\/wp\/v2\/users\/1"}],"replies":[{"embeddable":true,"href":"https:\/\/aa-services.ch\/WP\/wp-json\/wp\/v2\/comments?post=1727"}],"version-history":[{"count":2,"href":"https:\/\/aa-services.ch\/WP\/wp-json\/wp\/v2\/pages\/1727\/revisions"}],"predecessor-version":[{"id":1734,"href":"https:\/\/aa-services.ch\/WP\/wp-json\/wp\/v2\/pages\/1727\/revisions\/1734"}],"wp:attachment":[{"href":"https:\/\/aa-services.ch\/WP\/wp-json\/wp\/v2\/media?parent=1727"}],"curies":[{"name":"wp","href":"https:\/\/api.w.org\/{rel}","templated":true}]}}