{"id":615,"date":"2019-01-28T13:52:50","date_gmt":"2019-01-28T12:52:50","guid":{"rendered":"http:\/\/aa-services.ch\/WP\/?page_id=615"},"modified":"2024-04-23T13:36:18","modified_gmt":"2024-04-23T11:36:18","slug":"marken","status":"publish","type":"page","link":"https:\/\/aa-services.ch\/WP\/marken\/","title":{"rendered":"Marken"},"content":{"rendered":"\n<div class=\"wp-block-columns has-3-columns is-layout-flex wp-container-core-columns-is-layout-9d6595d7 wp-block-columns-is-layout-flex\">\n<div class=\"wp-block-column is-layout-flow wp-block-column-is-layout-flow\">\n<p class=\"has-text-align-left has-vivid-cyan-blue-color has-text-color has-medium-font-size\"><strong><a href=\"https:\/\/aa-services.ch\/WP\/marken\/albedo\/\">ALBEDO<\/a><\/strong><\/p>\n\n\n\n<p><em>Kabel &amp; Zubeh\u00f6r<\/em><\/p>\n<\/div>\n\n\n\n<div class=\"wp-block-column is-layout-flow wp-block-column-is-layout-flow\">\n<p class=\"has-text-align-left has-vivid-cyan-blue-color has-text-color has-medium-font-size\"><strong><a href=\"https:\/\/aa-services.ch\/WP\/marken\/audio-alto\">AUDIO ALTO<\/a><\/strong><\/p>\n\n\n\n<p><em>Lautsprecher und Verst\u00e4rker<\/em><\/p>\n<\/div>\n\n\n\n<div class=\"wp-block-column is-layout-flow wp-block-column-is-layout-flow\">\n<p class=\"has-text-align-left has-vivid-cyan-blue-color has-text-color has-medium-font-size\"><strong><a href=\"https:\/\/aa-services.ch\/WP\/marken\/erzetich-audio\/\">ERZETICH AUDIO<\/a><\/strong><\/p>\n\n\n\n<p> <em>Kopfh\u00f6rer und -Verst\u00e4rker<\/em><\/p>\n<\/div>\n<\/div>\n\n\n\n<div class=\"wp-block-columns has-3-columns is-layout-flex wp-container-core-columns-is-layout-9d6595d7 wp-block-columns-is-layout-flex\">\n<div class=\"wp-block-column is-layout-flow wp-block-column-is-layout-flow\">\n<p class=\"has-text-align-left has-vivid-cyan-blue-color has-text-color has-medium-font-size\"><strong><a href=\"https:\/\/aa-services.ch\/WP\/marken\/fonolab\/\">FONOLAB<\/a><\/strong><\/p>\n\n\n\n<p><em>Phonoverst\u00e4rker<\/em> + <em>SUT<\/em><\/p>\n<\/div>\n\n\n\n<div class=\"wp-block-column is-layout-flow wp-block-column-is-layout-flow\">\n<p class=\"has-text-align-left has-vivid-cyan-blue-color has-text-color has-medium-font-size\"><strong><a href=\"https:\/\/aa-services.ch\/WP\/marken\/graham-slee\"><strong><\/strong><\/a><strong><a href=\"https:\/\/aa-services.ch\/WP\/marken\/graham-slee\/\">GRAHAM SLEE<\/a><\/strong><\/strong><\/p>\n\n\n\n<p> <em><em>Phonoverst\u00e4rker<\/em><\/em> <\/p>\n<\/div>\n\n\n\n<div class=\"wp-block-column is-layout-flow wp-block-column-is-layout-flow\">\n<p class=\"has-text-align-left has-vivid-cyan-blue-color has-text-color has-medium-font-size\"><strong><a href=\"https:\/\/aa-services.ch\/WP\/marken\/j-sikora\/\">J.SIKORA<\/a><\/strong><\/p>\n\n\n\n<p> <em>Plattenspieler<\/em> <\/p>\n<\/div>\n<\/div>\n\n\n\n<div class=\"wp-block-columns has-3-columns is-layout-flex wp-container-core-columns-is-layout-9d6595d7 wp-block-columns-is-layout-flex\">\n<div class=\"wp-block-column is-layout-flow wp-block-column-is-layout-flow\">\n<p class=\"has-text-align-left has-vivid-cyan-blue-color has-text-color has-medium-font-size\"><strong><a href=\"https:\/\/aa-services.ch\/WP\/marken\/kinera\/\" data-type=\"URL\">PENON<\/a><\/strong><\/p>\n\n\n\n<p> <em>In-Ear Kopfh\u00f6rer<\/em> <\/p>\n<\/div>\n\n\n\n<div class=\"wp-block-column is-layout-flow wp-block-column-is-layout-flow\">\n<p class=\"has-text-align-left has-vivid-cyan-blue-color has-text-color has-medium-font-size\"><strong><a href=\"https:\/\/aa-services.ch\/WP\/marken\/pre-audio\/\">PRE AUDIO<\/a><\/strong><\/p>\n\n\n\n<p><em>Plattenspieler<\/em><\/p>\n<\/div>\n\n\n\n<div class=\"wp-block-column is-layout-flow wp-block-column-is-layout-flow\">\n<p class=\"has-text-align-left has-vivid-cyan-blue-color has-text-color has-medium-font-size\"><b><a href=\"https:\/\/aa-services.ch\/WP\/marken\/puritan-audio-labs\">PURITAN AUDIO LABS<\/a><\/b><\/p>\n\n\n\n<p> <em>Stromfilter + Netzleisten<\/em> <\/p>\n<\/div>\n<\/div>\n\n\n\n<div class=\"wp-block-columns has-3-columns is-layout-flex wp-container-core-columns-is-layout-9d6595d7 wp-block-columns-is-layout-flex\">\n<div class=\"wp-block-column is-layout-flow wp-block-column-is-layout-flow\">\n<p class=\"has-text-align-left has-vivid-cyan-blue-color has-text-color has-medium-font-size\"><a href=\"https:\/\/aa-services.ch\/WP\/marken\/rcm-audio\/\"><strong>RCM AUDIO<\/strong><\/a><\/p>\n\n\n\n<p> <em>Phonoverst\u00e4rker<\/em> <\/p>\n<\/div>\n\n\n\n<div class=\"wp-block-column is-layout-flow wp-block-column-is-layout-flow\">\n<p class=\"has-text-align-left has-vivid-cyan-blue-color has-text-color has-medium-font-size\"><b><a href=\"https:\/\/aa-services.ch\/WP\/marken\/rt-audio-design\">RT AUDIO DESIGN<\/a><\/b><\/p>\n\n\n\n<p><em>DAC<\/em><\/p>\n<\/div>\n\n\n\n<div class=\"wp-block-column is-layout-flow wp-block-column-is-layout-flow\">\n<p class=\"has-text-align-left has-vivid-cyan-blue-color has-text-color has-medium-font-size\"><b><a href=\"https:\/\/www.softears.net\/\" target=\"_blank\" rel=\"noreferrer noopener\">SOFTEARS<\/a><\/b><\/p>\n\n\n\n<p><em> In-Ear Kopfh\u00f6rer <\/em><\/p>\n<\/div>\n<\/div>\n\n\n\n<div class=\"wp-block-columns has-3-columns is-layout-flex wp-container-core-columns-is-layout-9d6595d7 wp-block-columns-is-layout-flex\">\n<div class=\"wp-block-column is-layout-flow wp-block-column-is-layout-flow\">\n<p class=\"has-vivid-cyan-blue-color has-text-color has-medium-font-size\"><a href=\"https:\/\/aa-services.ch\/WP\/marken\/unitra\/\"><strong>UNITRA<\/strong><\/a> <\/p>\n\n\n\n<p><em>Elektronik + Lautsprecher<\/em>  <\/p>\n<\/div>\n\n\n\n<div class=\"wp-block-column is-layout-flow wp-block-column-is-layout-flow\">\n<p class=\"has-vivid-cyan-blue-color has-text-color has-medium-font-size\"><strong><a href=\"https:\/\/aa-services.ch\/WP\/marken\/winyl\/\">WINYL<\/a><\/strong> <\/p>\n\n\n\n<p><em>Phono-Pflegemittel<\/em>  <\/p>\n<\/div>\n\n\n\n<div class=\"wp-block-column is-layout-flow wp-block-column-is-layout-flow\">\n<p class=\"has-text-align-left has-vivid-cyan-blue-color has-text-color has-medium-font-size\"><strong><a href=\"https:\/\/aa-services.ch\/WP\/marken\/xindak\">XINDAK<\/a><\/strong><\/p>\n\n\n\n<p><em>Verst\u00e4rker&nbsp;und&nbsp;DAC<\/em> <\/p>\n<\/div>\n<\/div>\n\n\n\n<p><\/p>\n","protected":false},"excerpt":{"rendered":"<p>ALBEDO Kabel &amp; Zubeh\u00f6r AUDIO ALTO Lautsprecher und Verst\u00e4rker ERZETICH AUDIO Kopfh\u00f6rer und -Verst\u00e4rker FONOLAB Phonoverst\u00e4rker + SUT GRAHAM SLEE Phonoverst\u00e4rker J.SIKORA Plattenspieler PENON In-Ear Kopfh\u00f6rer PRE AUDIO Plattenspieler PURITAN AUDIO LABS Stromfilter + Netzleisten RCM AUDIO Phonoverst\u00e4rker RT AUDIO DESIGN DAC SOFTEARS In-Ear Kopfh\u00f6rer UNITRA Elektronik + Lautsprecher WINYL Phono-Pflegemittel XINDAK Verst\u00e4rker&nbsp;und&nbsp;DAC<\/p>\n","protected":false},"author":1,"featured_media":0,"parent":0,"menu_order":1,"comment_status":"closed","ping_status":"closed","template":"","meta":{"footnotes":""},"class_list":["post-615","page","type-page","status-publish","hentry"],"_links":{"self":[{"href":"https:\/\/aa-services.ch\/WP\/wp-json\/wp\/v2\/pages\/615","targetHints":{"allow":["GET"]}}],"collection":[{"href":"https:\/\/aa-services.ch\/WP\/wp-json\/wp\/v2\/pages"}],"about":[{"href":"https:\/\/aa-services.ch\/WP\/wp-json\/wp\/v2\/types\/page"}],"author":[{"embeddable":true,"href":"https:\/\/aa-services.ch\/WP\/wp-json\/wp\/v2\/users\/1"}],"replies":[{"embeddable":true,"href":"https:\/\/aa-services.ch\/WP\/wp-json\/wp\/v2\/comments?post=615"}],"version-history":[{"count":54,"href":"https:\/\/aa-services.ch\/WP\/wp-json\/wp\/v2\/pages\/615\/revisions"}],"predecessor-version":[{"id":1683,"href":"https:\/\/aa-services.ch\/WP\/wp-json\/wp\/v2\/pages\/615\/revisions\/1683"}],"wp:attachment":[{"href":"https:\/\/aa-services.ch\/WP\/wp-json\/wp\/v2\/media?parent=615"}],"curies":[{"name":"wp","href":"https:\/\/api.w.org\/{rel}","templated":true}]}}