{"id":1003,"date":"2022-09-03T17:06:23","date_gmt":"2022-09-03T15:06:23","guid":{"rendered":"http:\/\/aa-services.ch\/WP\/?post_type=product&#038;p=1003"},"modified":"2024-11-30T13:10:23","modified_gmt":"2024-11-30T12:10:23","slug":"astellkern-kann-max","status":"publish","type":"product","link":"https:\/\/aa-services.ch\/WP\/produkt\/astellkern-kann-max\/","title":{"rendered":"Astell&#038;Kern KANN MAX"},"content":{"rendered":"<div>\n<p><img decoding=\"async\" src=\"https:\/\/www.portacomp.ch\/mfpc\/\/CustomUpload\/374O357O340O370O356O369O350O335O322O350O335O369O366O355O372O362O371O360O366O365O\/RedDotWinner2022.jpg\" \/><\/p>\n<p><strong>Astell&amp;Kern KANN MAX<\/strong><br \/>\n<strong>High-Resolution Music-Player mit Quad-DAC und enorm viel Leistung<\/strong><\/p>\n<\/div>\n<div><\/div>\n<div>\n<div>Der KANN MAX von Astell&amp;Kern bietet nebst einem audiophilen Quad-DAC-Design eine gewaltig hohe Ausgangsleistung. Der KANN MAX besitzt vier Verst\u00e4rkungsstufen und eine Ausgangsleistung von bis zu 15Vrms, was bisher nur in station\u00e4ren Kopfh\u00f6rerverst\u00e4rkern m\u00f6glich war. Der portable Hi-Res-Player KANN MAX ist damit in der Lage auch anspruchvollste Kopfh\u00f6rer perfekt anzusteuern. Er ist mit vier ESS ES9038Q2M mit fehlerfreier Dekodierf\u00e4higkeit und der TERATON ALPHA Audiotechnologie von Astell&amp;Kern ausgestattet und liefert einen fein aufgel\u00f6sten, detailreichen und in hochgradig naturgetreuen Klang.<\/div>\n<div><\/div>\n<div>Der KANN MAX ist kompakt, leicht und kann ebenso gut unterwegs wie zu Hause eingesetzt werden. Der Stromkreis wurde mehrfach \u00fcberarbeitet, so dass der Player mit einer Akkuladung eine Musikwiedergabe von bis zu 13 Stunden schafft. Damit trotz ultrahoher Ausgangsleistung kein unerw\u00fcnschtes Rauschen auftritt, hat Astell&amp;Kern ein Schaltungsdesign entwickelt, das den Klang kompromisslos klar wiedergibt. Zudem wurde ein analoger Lautst\u00e4rkeregler eingesetzt, der einen grossen Dynamikumfang ohne Verluste liefert. Um die Kontaktger\u00e4usche bei den Ausgangsbuchsen zu minimieren, wurden die Kopfh\u00f6rerbuchsen anstatt der meistens \u00fcblichen Ringe mit einer Gold-PVD-Beschichtung versehen.<\/div>\n<div><\/div>\n<div>\n<p>Neben 2.4 GHz WiFi f\u00fcr ein fl\u00fcssiges Streaming von Musik-Diensten wie Tidal, Qobuz, Apple Music oder Spotify steht Bluetooth 5.0 mit Unterst\u00fctzung von LDAC und aptX HD zur Verf\u00fcgung, um Audiophile auch beim kabellosen H\u00f6ren mit hochwertigem Sound zu versorgen. Musikdateien k\u00f6nnen lokal auf dem internen 64GB Speicher gesichert werden und wer mehr Platz braucht, kann optional eine microSD-Karte nutzen.<\/p>\n<\/div>\n<div>Mit dem KANN MAX hat Astell&amp;Kern das Maximum anvisiert. Das bew\u00e4hrte Konzept der KANN-Serie wurde \u00fcbernommen und die Leistung auf ein solch hohes Niveau aufger\u00fcstet,\u00a0dass eine bei station\u00e4ren Ger\u00e4ten \u00fcbliche Verst\u00e4rkerleistung in einem superportablen Player zur Verf\u00fcgung gestellt wird.<\/div>\n<div><\/div>\n<div><strong>Anschl\u00fcsse<\/strong><\/div>\n<div><\/div>\n<ul>\n<li>2.5 mm Kopfh\u00f6rer-Ausgang symmetrisch (nur 4-polig unterst\u00fctzt)<\/li>\n<li>3.5 mm Kopfh\u00f6rer-Ausgang unsymmetrisch<\/li>\n<li>4.4 mm Kopfh\u00f6rer-Ausgang symmetrisch (nur 5-polig unterst\u00fctzt)<\/li>\n<li>3.5 mm Optischer Ausgang<\/li>\n<li>USB-C Anschluss<\/li>\n<\/ul>\n<div><\/div>\n<div><strong>Spezifikationen<\/strong><\/div>\n<div><\/div>\n<ul>\n<li>Portabler High-Resolution Music-Player mit Quad-DAC und enorm hoher Ausgangsleistung<\/li>\n<li>Quad-DAC mit 4x ESS ES9038Q2M f\u00fcr einen ultra-detaillierten Klang<\/li>\n<li>4 Gain Stufen mit maximal 15 Vrms Ausgangsleistung<\/li>\n<li>USB DAC Funktion: der KANN MAX kann zur Verbesserung der Klangqualit\u00e4t als Soundkarte am Computer verwendet werden (f\u00fcr Windows Treiber-Installation notwendig)<\/li>\n<li>Die TERATON ALPHA Soundtechnologie verf\u00fcgt \u00fcber die patentierten Technologien von Astell&amp;Kern, die das Ergebnis von zehntausenden von Stunden kontinuierlicher Forschung und Entwicklung sind, um einen Klang zu erzeugen, der dem vom K\u00fcnstler und Produzenten beabsichtigten Originalklang so nahe wie nur m\u00f6glich kommt<\/li>\n<li>Die Bit-to-Bit-Wiedergabe bis zu 32 Bit\/768 kHz wird unterst\u00fctzt und die DSD-Wiedergabe nativ bis zu 22,4 MHz, f\u00fcr eine unkomprimierte Klangqualit\u00e4t, die der urspr\u00fcnglichen Intention des K\u00fcnstlers treu bleibt<\/li>\n<li>ReplayGain Funktion f\u00fcr eine konsistente Lautst\u00e4rke \u00fcber alle Tracks (ReplayGain kann ein- oder ausgeschaltet werden)<\/li>\n<li>AK File Drop Funktion f\u00fcr einen einfachen und schnellen kabellosen Transfer von Daten ab PC, Smartphone oder FTP im gleichen Netzwerk<\/li>\n<li>LED am Lautst\u00e4rkerad zur Anzeige von Lautst\u00e4rke und Bitrate des laufenden Titels (LED kann auch ganz ausgeschaltet werden)<\/li>\n<li>4.1 Zoll Touchscreen Display, 720 x 1280 Pixel<\/li>\n<li>Unterst\u00fctzte Audio-Formate: WAV, FLAC, WMA, MP3, OGG, APE, AAC, ALAC, AIFF, DFF, DSF, MQA<\/li>\n<li>Unterst\u00fctzung von gespeicherten und gestreamten MQA Dateien (8x)<\/li>\n<li>Interner Speicher: 64 GB<\/li>\n<li>Speicher optional erweiterbar, 1x microSD Kartenfach (bis max. 1TB)<\/li>\n<li>Abmessungen: 68.3 x 117 x 23.6 mm<\/li>\n<li>Gewicht: 305 Gramm<\/li>\n<\/ul>\n<div><\/div>\n<div><strong>Technische Daten<\/strong><\/div>\n<div><\/div>\n<ul>\n<li>Sample-Rate:<br \/>\nPCM : 8kHz ~ 768kHz (8\/16\/24\/32bits per Sample)<br \/>\nDSD Native: DSD64 (1Bit 2.8MHz), Stereo\u00a0\/ DSD128 (1Bit 5.6MHz), Stereo \/ DSD256 (1Bit 11.2MHz), DSD512 (1Bit, 22.4MHz) Stereo<\/li>\n<li>Ausgangsleistung:<br \/>\nGain Low: Unbalanced 2Vrms \/ Balanced 4Vrms (Condition No Load)<br \/>\nGain Mid: Unbalanced 4Vrms \/ Balanced 8Vrms (Condition No Load)<br \/>\nGain High: Unbalanced 6Vrms \/ Balanced 12Vrms (Condition No Load)<br \/>\nGain Super: Unbalanced 8Vrms \/ Balanced 15Vrms (Condition No Load)<\/li>\n<li>Dekodierung: unterst\u00fctzt bis zu 32 Bit\/768 kHz Bit-to-Bit Playback<\/li>\n<li>Frequenzgang:<br \/>\n\u00b10.023dB (Condition : 20Hz~20kHz)\u00a0Unsymmetrisch<br \/>\n\u00b10.026dB (Condition : 20Hz~20kHz) Symmetrisch<br \/>\n\u00b10.035dB (Condition : 20Hz~70kHz)\u00a0Unsymmetrisch<br \/>\n\u00b10.072dB (Condition : 20Hz~70kHz) Symmetrisch<\/li>\n<li>S\/N: 114dB @ 1kHz, Unsymmetrisch \/ 115dB @ 1kHz, Symmetrisch<\/li>\n<li>Crosstalk: \u00a0-124dB @ 1kHz, Unsymmetrisch \/ -135dB @ 1kHz, Symmetrisch<\/li>\n<li>THD+N: 0.0003% @ 1kHz, Unsymmetrisch \/ 0.0004% @ 1kHz, Symmetrisch<\/li>\n<li>Ausgangsimpedanz: Unsymmetrischer 3.5mm Ausgang 1 Ohm \/ Symmetrischer 2.5mm und 4.4mm Ausgang 1.6 Ohm<\/li>\n<\/ul>\n<div><strong>WiFi<\/strong><\/div>\n<ul>\n<li>WiFi: 802.11 b\/g\/n (2.4GHz)<\/li>\n<li>Streaming-Dienste wie Tidal (bereits vorinstalliert), Qobuz, Spotify, Apple Music, Amazon Music, TuneIn etc. werden unterst\u00fctzt (Abonnement notwendig)<\/li>\n<li>Welche Apps unterst\u00fctzt werden und wie die Installation von Apps mit einer APK-Datei funktioniert, wird\u00a0<a href=\"https:\/\/www.astellnkern.com\/support\/faq.jsp\" target=\"_blank\" rel=\"noopener\">hier<\/a>\u00a0erkl\u00e4rt.<\/li>\n<li>Apple Music, Tidal, Qobuz, Spotify etc.\u00a0k\u00f6nnen auch offline genutzt werden (nur heruntergeladene Inhalte)<\/li>\n<li>Der KANN MAX unterst\u00fctzt Apple Music, so dass s\u00e4mtliche Songs und\u00a0Playlists nicht nur auf dem iPhone, sondern auch auf dem SP2000T geh\u00f6rt werden k\u00f6nnen<\/li>\n<li>\u00dcber die kostenlos erh\u00e4ltliche AK Connect App l\u00e4sst sich der KANN MAX \u00fcber ein iOS\/Android Ger\u00e4t fernbedienen<\/li>\n<li>Streaming im Heimnetzwerk (von NAS\/PC und zur Anlage)<\/li>\n<\/ul>\n<div><\/div>\n<div><strong>Bluetooth<\/strong><\/div>\n<div><\/div>\n<ul>\n<li>Bluetooth: V5.0 (A2DP, AVRCP)<\/li>\n<li>Qualcomm aptX HD und LDAC<\/li>\n<li>Zwei-Wege Bluetooth (RX\/TX):<br \/>\n&#8211; Musik vom KANN MAX kabellos an einem Bluetooth-Kopfh\u00f6rer oder Bluetooth-Lautsprecher abspielen<br \/>\n&#8211; Musik von einem Bluetooth-Ger\u00e4t (Smartphone, Tablet, Notebook etc.) kabellos an den KANN MAX \u00fcbertragen und am KANN MAX in audiophiler Qualit\u00e4t h\u00f6ren<\/li>\n<\/ul>\n<div><\/div>\n<div><strong>Akku<\/strong><\/div>\n<div><\/div>\n<ul>\n<li>5\u2018600 mAh 3.8V Li-Polymer Akku<\/li>\n<li>Akkulaufzeit: ca. 13 Stunden<\/li>\n<li>Ladedauer: ca. 5.5 Stunden mit 5V \/ 2A Ladeger\u00e4te, ca. 3.5 Stunden mit 9V \/ 1.67A Fast Charging Ladeger\u00e4t<\/li>\n<\/ul>\n<div><\/div>\n<div><strong>Lieferumfang<\/strong><\/div>\n<div><\/div>\n<ul>\n<li>Astell&amp;Kern KANN MAX<\/li>\n<li>USB-A auf USB-C Kabel (zum Verbinden des KANN MAX mit dem Computer und zum Aufladen des Akkus)<\/li>\n<li>Quick-Start-Guide (Deutsch, Franz\u00f6sisch, Englisch)<\/li>\n<li>Bedienungsanleitung im PDF-Format auf dem Player gespeichert (Deutsch, Franz\u00f6sisch, Englisch)<\/li>\n<\/ul>\n<\/div>\n","protected":false},"excerpt":{"rendered":"<h1>Astell&amp;Kern KANN MAX Anthrazit Hi-Res-Player<\/h1>\n","protected":false},"featured_media":1004,"comment_status":"open","ping_status":"closed","template":"","meta":[],"product_brand":[],"product_cat":[43,44,135],"product_tag":[],"class_list":{"0":"post-1003","1":"product","2":"type-product","3":"status-publish","4":"has-post-thumbnail","6":"product_cat-dac","7":"product_cat-music-player","8":"product_cat-tragbar","10":"first","11":"outofstock","12":"shipping-taxable","13":"purchasable","14":"product-type-simple"},"_links":{"self":[{"href":"https:\/\/aa-services.ch\/WP\/wp-json\/wp\/v2\/product\/1003","targetHints":{"allow":["GET"]}}],"collection":[{"href":"https:\/\/aa-services.ch\/WP\/wp-json\/wp\/v2\/product"}],"about":[{"href":"https:\/\/aa-services.ch\/WP\/wp-json\/wp\/v2\/types\/product"}],"replies":[{"embeddable":true,"href":"https:\/\/aa-services.ch\/WP\/wp-json\/wp\/v2\/comments?post=1003"}],"wp:featuredmedia":[{"embeddable":true,"href":"https:\/\/aa-services.ch\/WP\/wp-json\/wp\/v2\/media\/1004"}],"wp:attachment":[{"href":"https:\/\/aa-services.ch\/WP\/wp-json\/wp\/v2\/media?parent=1003"}],"wp:term":[{"taxonomy":"product_brand","embeddable":true,"href":"https:\/\/aa-services.ch\/WP\/wp-json\/wp\/v2\/product_brand?post=1003"},{"taxonomy":"product_cat","embeddable":true,"href":"https:\/\/aa-services.ch\/WP\/wp-json\/wp\/v2\/product_cat?post=1003"},{"taxonomy":"product_tag","embeddable":true,"href":"https:\/\/aa-services.ch\/WP\/wp-json\/wp\/v2\/product_tag?post=1003"}],"curies":[{"name":"wp","href":"https:\/\/api.w.org\/{rel}","templated":true}]}}