{"id":1012,"date":"2022-09-08T13:24:58","date_gmt":"2022-09-08T11:24:58","guid":{"rendered":"http:\/\/aa-services.ch\/WP\/?post_type=product&#038;p=1012"},"modified":"2024-03-10T16:11:23","modified_gmt":"2024-03-10T15:11:23","slug":"hidizs-ap80-pro-x-blau","status":"publish","type":"product","link":"https:\/\/aa-services.ch\/WP\/produkt\/hidizs-ap80-pro-x-blau\/","title":{"rendered":"Hidizs AP80 PRO-X schwarz"},"content":{"rendered":"<div><strong>Hidizs AP80 Pro-X<\/strong><br \/>\n<strong>Kompakter Hi-Res Musik-Player<\/strong>Der Hidizs AP80 Pro-X ist ein superkompakter portabler Musik-Player und beherrscht alle g\u00e4ngigen Hi-Res-Audio-Formate, so dass die Musik in hochaufl\u00f6sender detailreicher Klangqualit\u00e4t abgespielt wird. Speichern Sie ihre Audiodateien auf einer microSD-Karte (nicht mitgeliefert) und h\u00f6ren Sie Ihre Musik mit einem Kopfh\u00f6rer mit 3.5 mm oder 2.5 mm Stecker oder kabellos \u00fcber Bluetooth.Der AP80 Pro-X besitzt ein Touchscreen-Display und l\u00e4sst sich einfach \u00fcber Ber\u00fchrung des Bildschirms oder \u00fcber die physischen Tasten am Player bedienen. Sie k\u00f6nnen die Musik entweder nach fortlaufender Reihenfolge oder nach einer zuf\u00e4lligen Abfolge abspielen lassen. Die beiden integrierten Sabre ESS ES9219C DAC-Chips sorgen f\u00fcr eine saubere Signalverarbeitung und liefern einen detailgetreuen Klang. Verpackt ist der AP80 Pro-X in einem wertigen robusten Aluminium-Geh\u00e4use.Der AP80 Pro-X l\u00e4sst sich auch als USB-DAC an einem Computer, Smartphone oder Tablet einsetzen. Dabei wird der DAC des AP80 Pro-X angesteuert und die Musik in verbesserter Klangqualit\u00e4t abgespielt. Zudem ist ein Schrittz\u00e4hler im AP80 Pro-X integriert und Sie k\u00f6nnen auf dem Display die Anzahl zur\u00fcck gelegter Schritte sehen. Der Hidizs AP80 Pro-X ist die richtige Wahl, wenn Sie einen kompakten, einfach zu bedienenden Musik-Player suchen, der neben MP3 auch hochaufl\u00f6sende Audio-Formate unterst\u00fctzt und Ihre Musik in detailreicher, fein aufgel\u00f6ster Klangqualit\u00e4t wiedergibt.<strong>Spezifikationen<br \/>\n<\/strong><\/p>\n<\/div>\n<ul>\n<li>Sehr kompakter Hi-Res Musik-Player mit Bluetooth<\/li>\n<li>MicroSD-Karten-Slot f\u00fcr Karten bis 512GB (kein interner Speicher)<\/li>\n<li>USB-DAC Funktion zur Verbesserung der Klangqualit\u00e4t am Computer, Smartphone, Tablet<\/li>\n<li>Kopfh\u00f6rerbuchsen: 3.5 mm, 2.5 mm symmetrisch<\/li>\n<li>3.5 mm Kopfh\u00f6rerbuchse kann als Line-Ausgang genutzt werden (\u00fcber Einstellungen w\u00e4hlbar)<\/li>\n<li>2.45 Zoll Samsung IPS HD Touchscreen Display (480\u00d7360)<\/li>\n<li>Physische Tasten: An\/Aus, Play\/Pause, Lied vor\/zur\u00fcck, Lautst\u00e4rke-Drehrad<\/li>\n<li>Sch\u00f6nes robustes Aluminiumgeh\u00e4use aus einem St\u00fcck in pr\u00e4ziser CNC-Technologie hergestellt<\/li>\n<li>Bluetooth 4.2, Zwei-Weg, unterst\u00fctzt aptX (CSR) bis 192 kHz und LDAC bis 96 kHz<\/li>\n<li>Der Hidizs AP80 Pro-X ist \u00abHi-Res Audio\u00bb und \u00abHi-Res Audio Wireless\u00bb zertifiziert<\/li>\n<li>Integrierter Schrittz\u00e4hler<\/li>\n<li>Integrierter eBook-Reader<\/li>\n<li>DAC-Chip: 2x Sabre ESS ES9219C<\/li>\n<li>CPU: Ingenic X1000<\/li>\n<li>Betriebssystem: HiBy OS 3.0<\/li>\n<li>2 Gain Stufen: High\/Low<\/li>\n<li>USB-C Anschluss zum Aufladen des Akkus und \u00dcbertragen von Dateien<\/li>\n<li>Men\u00fcf\u00fchrung auf dem AP80 Pro-X in deutscher, englischer, franz\u00f6sischer, italienischer oder spanischer Sprache<\/li>\n<li>Unterst\u00fctzte Audio-Formate: WAV, FLAC, WMA, MP3, OGG, APE, AAC, ALAC, AIFF, DFF, DSF, MQA (8x)<\/li>\n<li>Unterst\u00fctzt DSD64\/128\/256<\/li>\n<li>Sample-Rate: 32 Bit \/ 384 kHz<\/li>\n<li>Akku: 800mAh 3.7V Lithium-Polymer Akku<\/li>\n<li>Akkulaufzeit: 8 \u2013 11 Stunden mit 3.5 mm Kopfh\u00f6reranschluss, 6 \u2013 8 Stunden mit 2.5 mm symmetrisch Kopfh\u00f6reranschluss, 40 Tage im Standby<\/li>\n<li>Ladedauer: ca. 1 Stunde<\/li>\n<li>Empfohlene Kopfh\u00f6rer-Impedanz: 8 &#8211; 200 Ohm<\/li>\n<li>Abmessungen: 61.2 x 54.5 x 13.8 mm<\/li>\n<li>Gewicht: 72 Gramm<\/li>\n<\/ul>\n<div><strong>Technische Daten 3.5 mm Kopfh\u00f6reranschluss<\/strong><\/div>\n<ul>\n<li>Ausgangsleistung: 70 mW + 70 mW @ 32 Ohm<\/li>\n<li>Frequenzbereich: 20 Hz \u2013 90 kHz<\/li>\n<li>THD+N: 0.0015<\/li>\n<li>Dynamikbereich: 115 dB<\/li>\n<li>SNR: 119 dB<\/li>\n<li>Kanaltrennung\/Crosstalk: 110 dB<\/li>\n<\/ul>\n<div><strong>Technische Daten 2.5 mm Kopfh\u00f6reranschluss symmetrisch<\/strong><\/div>\n<ul>\n<li>Ausgangsleistung: 190 mW + 190 mW @ 32 Ohm<\/li>\n<li>Frequenzbereich: 20 Hz \u2013 90 kHz<\/li>\n<li>THD+N: 0.0015<\/li>\n<li>Dynamikbereich: 116 dB<\/li>\n<li>SNR: 120 dB<\/li>\n<li>Kanaltrennung\/Crosstalk: 117 dB<\/li>\n<\/ul>\n<div><strong>Lieferumfang<\/strong><\/div>\n<ul>\n<li>Hidizs AP80-Pro-X Music-Player<\/li>\n<li>USB-C auf USB-C Kabel (L\u00e4nge 14 cm)<\/li>\n<li>USB-A auf USB-C Kabel (L\u00e4nge 1 Meter)<\/li>\n<li>2x Displayschutzfolien<\/li>\n<li>Bedienungsanleitung (englisch)<\/li>\n<\/ul>\n","protected":false},"excerpt":{"rendered":"<p>Hidizs AP80 Pro-X Kompakter Hi-Res Musik-PlayerDer Hidizs AP80 Pro-X ist ein superkompakter portabler Musik-Player und beherrscht alle g\u00e4ngigen Hi-Res-Audio-Formate, so dass die Musik in hochaufl\u00f6sender detailreicher Klangqualit\u00e4t abgespielt wird. Speichern Sie ihre Audiodateien auf einer microSD-Karte (nicht mitgeliefert) und h\u00f6ren Sie Ihre Musik mit einem Kopfh\u00f6rer mit 3.5 mm oder 2.5 mm Stecker oder kabellos<\/p>\n<p class=\"more-link\"><a href=\"https:\/\/aa-services.ch\/WP\/produkt\/hidizs-ap80-pro-x-blau\/\" class=\"themebutton2\">Read More<\/a><\/p>\n","protected":false},"featured_media":1014,"comment_status":"open","ping_status":"closed","template":"","meta":[],"product_brand":[],"product_cat":[43,44,135],"product_tag":[],"class_list":{"0":"post-1012","1":"product","2":"type-product","3":"status-publish","4":"has-post-thumbnail","6":"product_cat-dac","7":"product_cat-music-player","8":"product_cat-tragbar","10":"first","11":"onbackorder","12":"shipping-taxable","13":"purchasable","14":"product-type-simple"},"_links":{"self":[{"href":"https:\/\/aa-services.ch\/WP\/wp-json\/wp\/v2\/product\/1012","targetHints":{"allow":["GET"]}}],"collection":[{"href":"https:\/\/aa-services.ch\/WP\/wp-json\/wp\/v2\/product"}],"about":[{"href":"https:\/\/aa-services.ch\/WP\/wp-json\/wp\/v2\/types\/product"}],"replies":[{"embeddable":true,"href":"https:\/\/aa-services.ch\/WP\/wp-json\/wp\/v2\/comments?post=1012"}],"wp:featuredmedia":[{"embeddable":true,"href":"https:\/\/aa-services.ch\/WP\/wp-json\/wp\/v2\/media\/1014"}],"wp:attachment":[{"href":"https:\/\/aa-services.ch\/WP\/wp-json\/wp\/v2\/media?parent=1012"}],"wp:term":[{"taxonomy":"product_brand","embeddable":true,"href":"https:\/\/aa-services.ch\/WP\/wp-json\/wp\/v2\/product_brand?post=1012"},{"taxonomy":"product_cat","embeddable":true,"href":"https:\/\/aa-services.ch\/WP\/wp-json\/wp\/v2\/product_cat?post=1012"},{"taxonomy":"product_tag","embeddable":true,"href":"https:\/\/aa-services.ch\/WP\/wp-json\/wp\/v2\/product_tag?post=1012"}],"curies":[{"name":"wp","href":"https:\/\/api.w.org\/{rel}","templated":true}]}}