{"id":1081,"date":"2022-09-14T10:03:01","date_gmt":"2022-09-14T08:03:01","guid":{"rendered":"http:\/\/aa-services.ch\/WP\/?post_type=product&#038;p=1081"},"modified":"2024-03-10T13:10:18","modified_gmt":"2024-03-10T12:10:18","slug":"rt-audio-orpheus-se","status":"publish","type":"product","link":"https:\/\/aa-services.ch\/WP\/produkt\/rt-audio-orpheus-se\/","title":{"rendered":"RT Audio Orpheus SE"},"content":{"rendered":"<p>Ein aussergew\u00f6hnlicher DAC mit separater (Akku-) Stromversorgung, was jegliche St\u00f6rger\u00e4usche verhindert. Einfache Bedienung, exquisiter Klang. Bei uns h\u00f6rbereit.<\/p>\n","protected":false},"excerpt":{"rendered":"<p>Ein aussergew\u00f6hnlicher DAC mit separater (Akku-) Stromversorgung, was jegliche St\u00f6rger\u00e4usche verhindert. Einfache Bedienung, exquisiter Klang. Bei uns h\u00f6rbereit.<\/p>\n","protected":false},"featured_media":1084,"comment_status":"open","ping_status":"closed","template":"","meta":[],"product_brand":[],"product_cat":[43,134],"product_tag":[],"class_list":{"0":"post-1081","1":"product","2":"type-product","3":"status-publish","4":"has-post-thumbnail","6":"product_cat-dac","7":"product_cat-stationaer","9":"first","10":"instock","11":"shipping-taxable","12":"purchasable","13":"product-type-simple"},"_links":{"self":[{"href":"https:\/\/aa-services.ch\/WP\/wp-json\/wp\/v2\/product\/1081","targetHints":{"allow":["GET"]}}],"collection":[{"href":"https:\/\/aa-services.ch\/WP\/wp-json\/wp\/v2\/product"}],"about":[{"href":"https:\/\/aa-services.ch\/WP\/wp-json\/wp\/v2\/types\/product"}],"replies":[{"embeddable":true,"href":"https:\/\/aa-services.ch\/WP\/wp-json\/wp\/v2\/comments?post=1081"}],"wp:featuredmedia":[{"embeddable":true,"href":"https:\/\/aa-services.ch\/WP\/wp-json\/wp\/v2\/media\/1084"}],"wp:attachment":[{"href":"https:\/\/aa-services.ch\/WP\/wp-json\/wp\/v2\/media?parent=1081"}],"wp:term":[{"taxonomy":"product_brand","embeddable":true,"href":"https:\/\/aa-services.ch\/WP\/wp-json\/wp\/v2\/product_brand?post=1081"},{"taxonomy":"product_cat","embeddable":true,"href":"https:\/\/aa-services.ch\/WP\/wp-json\/wp\/v2\/product_cat?post=1081"},{"taxonomy":"product_tag","embeddable":true,"href":"https:\/\/aa-services.ch\/WP\/wp-json\/wp\/v2\/product_tag?post=1081"}],"curies":[{"name":"wp","href":"https:\/\/api.w.org\/{rel}","templated":true}]}}