{"id":1221,"date":"2022-09-19T13:11:33","date_gmt":"2022-09-19T11:11:33","guid":{"rendered":"http:\/\/aa-services.ch\/WP\/?post_type=product&#038;p=1221"},"modified":"2024-03-10T16:13:14","modified_gmt":"2024-03-10T15:13:14","slug":"ibasso-dx170-schwarz-hi-res-musik-player","status":"publish","type":"product","link":"https:\/\/aa-services.ch\/WP\/produkt\/ibasso-dx170-schwarz-hi-res-musik-player\/","title":{"rendered":"iBasso DX170 Schwarz Hi-Res Musik-Player"},"content":{"rendered":"<div><strong>iBasso DX170<\/strong><\/div>\n<div><strong>High-Resolution Musik-Player<\/strong><\/div>\n<div><\/div>\n<div>\n<p>Der iBasso DX170 ist ein praktischer Allround Musik-Player im handlichen Taschenformat, der sowohl Einsteigern in die Hi-Res-Musik als auch anspruchsvollen Musikliebhabern Freude bereiten wird. \u00a0Die beiden Cirrus Logic CS43131 DACs geben den Klang pr\u00e4zise, detailreich, fein aufgel\u00f6st und mit einer sch\u00f6nen Transparenz wieder. Das offene Android 11 Betriebssystem macht das Installieren und Nutzen von Apps besonders einfach. Die APKPure App ist auf dem DX170 bereits installiert und das Herunterladen und Nutzen von Apps wie Spotify, Tidal, Apple Music, Qobuz etc. funktioniert schnell und unkompliziert. Ebenfalls vorinstalliert ist die benutzerfreundliche Mango Player App, welche auf dem DX170 gespeicherte Musik \u00fcbersichtlich organisiert und abspielt. \u00dcber die vielen Equalizer-Einstell-M\u00f6glichkeiten in der Mango App\u00a0kann der Klang bei Bedarf sehr differenziert auf die individuellen Vorlieben getunt werden.\u00a0Audio-Dateien lassen sich auf dem 32GB grossen internen Speicher sichern. Bei Bedarf kann der Speicher durch eine microSD\u00a0Karte erweitert werden.<\/p>\n<p>Nebst WiFi f\u00fcr die Nutzung von Streaming-Diensten ist der DX170 auch mit Bluetooth f\u00fcr eine kabellose Musikwiedergabe an einen Bluetooth-Kopfh\u00f6rer oder -Lautsprecher ausgestattet. Auch als Bluetooth-Empf\u00e4nger kann der DX170 fungieren, um Musik ab dem Smartphone, Tablet oder Notebook kabellos am DX170 zu empfangen. Zudem kann er als USB-DAC eingesetzt werden und f\u00fcr eine bessere Klangqualit\u00e4t am Computer (Windows, Mac, Linux) sorgen. Die Men\u00fcf\u00fchrung ist sehr intuitiv gestaltet und das randlose kontrastreiche f\u00fcnf Zoll Touchscreen Display erfreut mit einer ausgezeichneten Aufl\u00f6sung und Farbtreue. Das griffige Drehrad an der rechten Seite des DX170 erlaubt eine exakte Lautst\u00e4rke Einstellung. \u00dcber die Tasten an der Seite l\u00e4sst sich die Musik auch problemlos ohne Sichtkontakt pausieren, abspielen, vor- und zur\u00fcck spulen. Das wertige Aluminium-Geh\u00e4use mit der leicht geschwungenen R\u00fcckseite liegt perfekt in der Hand und besitzt die notwendige Robustheit f\u00fcr den t\u00e4glichen Einsatz unterwegs.<\/p>\n<\/div>\n<div><strong>Anschl\u00fcsse<\/strong><\/div>\n<div><\/div>\n<ul>\n<li>3.5 mm Kopfh\u00f6rer Ausgang \/ Line-Out \/ Koaxial Ausgang<\/li>\n<li>4.4 mm Kopfh\u00f6rer Ausgang symmetrisch<\/li>\n<li>USB-C zum Aufladen des Akkus, f\u00fcr die Daten\u00fcbertragung und zur Nutzung des DX170 als USB-DAC<\/li>\n<\/ul>\n<div><\/div>\n<div><strong>Spezifikationen<\/strong><\/div>\n<div><\/div>\n<ul>\n<li>Kompakter und leichter High-Resolution Musik-Player<\/li>\n<li>Offenes Android 11 Betriebssystem f\u00fcr eine einfache Bedienung<\/li>\n<li>Unterst\u00fctzt die Installation vieler Apps.\u00a0Die APKPure App ist auf dem DX170 bereits vorinstalliert und das Herunterladen und Nutzen von Apps wie Spotify, Tidal, Apple Music oder Qobuz funktioniert schnell und unkompliziert.<\/li>\n<li>Vorinstallierter Mango Player: Von iBasso entwickelte App zum einfachen Organisieren und Abspielen von Audiodateien, die auf dem internen Speicher (32 GB) oder auf einer\u00a0SDHC oder\u00a0SDXC\u00a0Karte (optional) gespeichert sind<\/li>\n<li>Wertiges robustes Geh\u00e4use aus CNC gefr\u00e4stem Aluminium mit leicht geschwungener R\u00fcckseite damit der DX170 perfekt in der Hand liegt<\/li>\n<li>USB-DAC Funktion zur Klangverbesserung an Windows, Mac und Linux Computer<\/li>\n<li>Unterst\u00fctzung von PCM bis 384 kHz \/ 32 Bit und DSD64, DSD128<\/li>\n<li>5 digitale Filter: Fast Roll Off, Short Delay Slow Roll off, Short Delay Fast Roll Off, Slow Roll Off, NOS<\/li>\n<li>Graphischer Equalizer mit 5 Presets (Classic, Pop, Dance, Rock, ACG) und ein selbsteinstellbar Custom Equalizer<\/li>\n<li>Parametrischer Equalizer, um den DX170 mit diversen Parametern nach dem eigenen Geschmack zu tunen:<br \/>\nFilter (Low Pass, High Pass, Band Pass, Notch, All Pass, Peaking, Low Shelf, High Shelf)<br \/>\nZentrale Frequenz<br \/>\nGain<br \/>\nQualit\u00e4tsfaktor<\/li>\n<li>Sleep Timer: Der DX170 schaltet automatisch nach der ausgew\u00e4hlten Zeit aus<\/li>\n<li>Tasten am Geh\u00e4use: Drehrad f\u00fcr Lautst\u00e4rke und An\/Aus\u00a0(drehen\/dr\u00fccken), N\u00e4chster Track\/Vorspulen, Play\/Pause, Vorheriger Track\/Zur\u00fcckspulen<\/li>\n<li>Ein Schutzschild aus einer Silikon-Stahl-Legierung sorgt f\u00fcr die Abschirmung von magnetischen und elektrischen St\u00f6rfeldern \u2013 f\u00fcr einen verzerrungsfreien Klang<\/li>\n<li>Dual DAC Design: 2x Cirrus Logic CS43131<\/li>\n<li>Display: 5 Zoll Full Screen Display von Sharp, One-Cell kapazitiver Touchscreen, Full-HD Aufl\u00f6sung 1080p, 16.7 Millionen Farben<\/li>\n<li>Sample Rate: PCM: 8 kHz \u2013 384 kHz (8\/16\/24\/32 Bit) \/ Native DSD DSD64\/128\/256<\/li>\n<li>SoC: besonders leistungsf\u00e4higer 4-Kern Rockchip RK3566<\/li>\n<li>RAM: 2 GB<\/li>\n<li>Interner Speicher: 32 GB<\/li>\n<li>Fach f\u00fcr microSD\u00a0Speicherkarten (SDHC und SDXC bis\u00a0zu einer Speichergr\u00f6sse von 2TB)<\/li>\n<li>WiFi: 802.11 b\/g\/n\/ac \/ 2.4 Ghz und 5 Ghz, unterst\u00fctzt WiFi 6<\/li>\n<li>Bluetooth 5.0<\/li>\n<li>Der DX170 als Bluetooth Sender: Musik vom DX170 \u00fcber einen Bluetooth-Kopfh\u00f6rer oder -Lautsprecher h\u00f6ren (unterst\u00fctzte Codecs: aptX, LDAC, AAC, SBC)<\/li>\n<li>Der DX170 als Bluetooth Empf\u00e4nger: senden Sie Musik kabellos von Ihrem Smartphone, Tablet oder Notebook an den DX170 (unterst\u00fctzte Codecs: AAC, SBC)<\/li>\n<li>Unterst\u00fctzte Audio-Formate: MQA, APE, FLAC, WAV, WMA, AAC, ALAC, AIFF, OGG, MP3, DFF, DSF, DXD, CUE, ISO<\/li>\n<li>Unterst\u00fctzt MQ8 8x<\/li>\n<li>Unterst\u00fctzt M3U Playlisten<\/li>\n<li>Akku: 3200 mAh 3.8V Li-Polymer Akku<\/li>\n<li>Akkulaufzeit: 11 Stunden<\/li>\n<li>Ladedauer: 1.5 Stunden<\/li>\n<li>Unterst\u00fctzte Schnell-Lade-Technologien: QC3.0, PD2.0 und MTK PE Plus Quick Charge (12V, 9V\/1.5A Quick Charge, BC1.2 USB Charge)<\/li>\n<li>Abmessungen: 124.5 x 70 x 15 mm<\/li>\n<li>Gewicht: 165 Gramm<\/li>\n<\/ul>\n<div><\/div>\n<div><strong>Technische Daten<\/strong><\/div>\n<div><\/div>\n<ul>\n<li><strong>4.4 mm Ausgang symmetrisch<\/strong><br \/>\nAusgangsspannung: 6.4 Vrms<br \/>\nFrequenzbereich: 10 Hz \u2013 40 kHz +\/- 0.15 dB<br \/>\nS\/N: 130 dB<br \/>\nTHD+N: 0.00022% (ohne Ladung, 3 Vrms) \/ 0.00022% (32 Ohm Ladung, 3 Vrms)<br \/>\nCrosstalk: -125 dB<\/li>\n<li><strong>3.5 mm Ausgang unsymmetrisch<\/strong><br \/>\nAusgangsspannung: 3.2 Vrms<br \/>\nFrequenzbereich: 10 Hz \u2013 40 kHz +\/- 0.15 dB<br \/>\nS\/N: 125 dB<br \/>\nTHD+N: 0.0004% (ohne Ladung, 2 Vrms) \/ 0.0007% (32 Ohm Ladung, 2 Vrms)<br \/>\nCrosstalk: -115 dB<\/li>\n<li><strong>Line Out<\/strong><br \/>\nAusgangsspannung: 3.2 Vrms<br \/>\nFrequenzbereich: 10 Hz \u2013 40 kHz +\/- 0.15 dB<br \/>\nS\/N: 125 dB<br \/>\nTHD+N: 0.00035% (ohne Ladung, 2 Vrms)<br \/>\nCrosstalk: -113 dB<\/li>\n<\/ul>\n<div><\/div>\n<div><strong>Lieferumfang<\/strong><\/div>\n<div><\/div>\n<ul>\n<li>iBasso DX170<\/li>\n<li>USB-A auf USB-C Kabel<\/li>\n<li>Transparentes Silikon Case<\/li>\n<li>Display-Schutzfolie<\/li>\n<li>Bedienungsanleitung<\/li>\n<\/ul>\n","protected":false},"excerpt":{"rendered":"<p>iBasso DX170 High-Resolution Musik-Player Der iBasso DX170 ist ein praktischer Allround Musik-Player im handlichen Taschenformat, der sowohl Einsteigern in die Hi-Res-Musik als auch anspruchsvollen Musikliebhabern Freude bereiten wird. \u00a0Die beiden Cirrus Logic CS43131 DACs geben den Klang pr\u00e4zise, detailreich, fein aufgel\u00f6st und mit einer sch\u00f6nen Transparenz wieder. Das offene Android 11 Betriebssystem macht das Installieren<\/p>\n<p class=\"more-link\"><a href=\"https:\/\/aa-services.ch\/WP\/produkt\/ibasso-dx170-schwarz-hi-res-musik-player\/\" class=\"themebutton2\">Read More<\/a><\/p>\n","protected":false},"featured_media":1223,"comment_status":"open","ping_status":"closed","template":"","meta":[],"product_brand":[],"product_cat":[43,44,135],"product_tag":[],"class_list":{"0":"post-1221","1":"product","2":"type-product","3":"status-publish","4":"has-post-thumbnail","6":"product_cat-dac","7":"product_cat-music-player","8":"product_cat-tragbar","10":"first","11":"instock","12":"shipping-taxable","13":"purchasable","14":"product-type-simple"},"_links":{"self":[{"href":"https:\/\/aa-services.ch\/WP\/wp-json\/wp\/v2\/product\/1221","targetHints":{"allow":["GET"]}}],"collection":[{"href":"https:\/\/aa-services.ch\/WP\/wp-json\/wp\/v2\/product"}],"about":[{"href":"https:\/\/aa-services.ch\/WP\/wp-json\/wp\/v2\/types\/product"}],"replies":[{"embeddable":true,"href":"https:\/\/aa-services.ch\/WP\/wp-json\/wp\/v2\/comments?post=1221"}],"wp:featuredmedia":[{"embeddable":true,"href":"https:\/\/aa-services.ch\/WP\/wp-json\/wp\/v2\/media\/1223"}],"wp:attachment":[{"href":"https:\/\/aa-services.ch\/WP\/wp-json\/wp\/v2\/media?parent=1221"}],"wp:term":[{"taxonomy":"product_brand","embeddable":true,"href":"https:\/\/aa-services.ch\/WP\/wp-json\/wp\/v2\/product_brand?post=1221"},{"taxonomy":"product_cat","embeddable":true,"href":"https:\/\/aa-services.ch\/WP\/wp-json\/wp\/v2\/product_cat?post=1221"},{"taxonomy":"product_tag","embeddable":true,"href":"https:\/\/aa-services.ch\/WP\/wp-json\/wp\/v2\/product_tag?post=1221"}],"curies":[{"name":"wp","href":"https:\/\/api.w.org\/{rel}","templated":true}]}}