{"id":1231,"date":"2022-09-20T11:18:46","date_gmt":"2022-09-20T09:18:46","guid":{"rendered":"http:\/\/aa-services.ch\/WP\/?post_type=product&#038;p=1231"},"modified":"2024-03-10T14:48:01","modified_gmt":"2024-03-10T13:48:01","slug":"burson-audio-conductor-3-performance","status":"publish","type":"product","link":"https:\/\/aa-services.ch\/WP\/produkt\/burson-audio-conductor-3-performance\/","title":{"rendered":"Burson Audio Conductor 3 Performance"},"content":{"rendered":"<p><span style=\"font-family: Arial, Helvetica, sans-serif; font-size: medium;\"><strong><span style=\"color: #000000;\">Burson Audio Conductor 3 Performance<br \/>\n<span style=\"font-size: small;\">Kopfh\u00f6rer-Verst\u00e4rker \/ Vorverst\u00e4rker \/ USB DAC (DSD) \/\u00a0<\/span><span style=\"font-size: small;\">1<\/span><span style=\"font-family: Arial, Helvetica, sans-serif; font-size: small;\">x ESS9038 DAC<\/span><\/span><\/strong><\/span><\/p>\n<p><span style=\"color: #ff0000; font-family: Arial, Helvetica, sans-serif; font-size: medium;\"><span style=\"font-size: small;\"><span style=\"color: #000000;\">Der Conductor 3 Performance beeindruckt mit einer enormen Detailgenauigkeit und Kontrolle.\u00a0<\/span><\/span><span style=\"color: #000000; font-size: small;\">Jedes Mikrodetail wird in h\u00f6chstem Masse naturgetreu wiedergegeben.\u00a0<\/span><span style=\"font-size: small;\"><span style=\"color: #ff0000; font-family: Arial, Helvetica, sans-serif; font-size: small;\"><span style=\"color: #000000;\">Feinste Nuancen sind klar h\u00f6rbar und die T\u00f6ne werden genauestens im Raum dargestellt.<\/span><\/span><\/span>\u00a0<span style=\"color: #000000; font-size: small;\">Der Verst\u00e4rker liefert im Klasse A Betrieb 4 Watt an 16 Ohm. Er ist damit in der Lage auch anspruchsvolle und empfindliche High-End Kopfh\u00f6rer oder Aktiv-Boxen anzutreiben.<\/span><\/span><\/p>\n<p><span style=\"font-size: small;\"><span style=\"color: #000000;\">Der Conductor 3 Performance besitzt einen digitalen Coaxial- und Toslink- sowie einen USB-C-Eingang. Der XMOS-USB-Treiber stammt von Thesycon aus Deutschland, bietet eine hervorragende Daten\u00fcbertragungsleistung und ist kompatibel mit iOS, Android, Windows und Mac.\u00a0<\/span><span style=\"color: #000000;\">Der USB-C-Eingang zum Anschluss eines Computers, Notebooks, Smartphones oder Musik-Players\u00a0<\/span><span style=\"color: #000000;\">befindet sich an der R\u00fcckseite des Ger\u00e4tes<\/span><span style=\"color: #000000;\">. Auf diese Weise lassen sich auf den Ger\u00e4ten gespeicherte Musik sowie Streaming-Dienste wie Qobuz, Spotify oder Tidal unkompliziert und in hervorragender Klangqualit\u00e4t nutzen.<\/span><\/span><\/p>\n<p><span style=\"color: #000000;\">Bluetooth mit Unterst\u00fctzung von aptX HD f\u00fcr eine sehr hohe Abspielqualit\u00e4t ist ebenfalls mit an Bord.\u00a0<\/span><span style=\"color: #000000;\">So k\u00f6nnen Sie Ihre Musik auch kabellos ab Smartphone, Tablet oder PC\u00a0<span style=\"color: #000000; font-size: small;\">in hervorragender Qualit\u00e4t\u00a0<\/span><\/span><span style=\"color: #000000;\">h\u00f6ren.\u00a0<\/span><span style=\"color: #000000;\">Der\u00a0<span style=\"color: #000000; font-size: small;\">ESS9038<\/span>\u00a0DAC unterst\u00fctzt DSD512 und PCM bis zu einer Samplerate von maximal 32 Bit \/ 768 kHz. Einen Kopfh\u00f6rer kann man an der 6.3 mm Buchse an der Frontseite anschliessen. Zudem gibt es an der R\u00fcckseite je einen DAC- und Preamp-Cinch-Ausgang.<\/span>\u00a0<span style=\"color: #000000;\">Mit dem reinen Class A Schaltungsdesign kann der Conductor 3 Performance auch als Vorverst\u00e4rker eingesetzt werden und harmoniert perfekt mit einem beliebigen Endverst\u00e4rker oder Aktiv-Lautsprecher. Ein Mikrofon-Eingang ist ebenfalls vorhanden, so dass auch beim Gamen vom hervorragenden Burson-Klang profitiert werden kann.<\/span><\/p>\n<p><span style=\"color: #000000;\">Das grau galvanisierte Geh\u00e4use aus hochdichtem Aluminium sieht edel aus und ist zudem ein \u00e4usserst effizienter K\u00fchlk\u00f6rper.\u00a0<\/span><span style=\"color: #000000;\">Der OLED-Bildschirm und die Men\u00fcf\u00fchrung erlauben eine schnelle intuitive Benutzerf\u00fchrung. Besonders praktisch: die Bildschirmanzeige ist drehbar, so dass der Conductor 3 Performance quer oder hochkant aufgestellt werden kann. Das massive Aluminium-Drehrad an der Vorderseite erm\u00f6glicht eine exakte Feineinstellung der Lautst\u00e4rke. Damit der Conductor 3 Performance bequem vom Sofa aus bedient werden kann, liegt dem Lieferumfang eine Fernbedienung bei.<\/span><\/p>\n<p><strong><span style=\"color: #000000;\">Spezifikationen<\/span><\/strong><\/p>\n<ul>\n<li><span style=\"font-family: Arial, Helvetica, sans-serif; font-size: small;\">Kopfh\u00f6rer-Verst\u00e4rker, Vorverst\u00e4rker und USB-DAC mit Bluetooth<\/span><\/li>\n<li><span style=\"font-family: Arial, Helvetica, sans-serif; font-size: small;\">Sehr detaillierter naturgetreuer Klang<\/span><\/li>\n<li><span style=\"color: #ff0000; font-family: Arial, Helvetica, sans-serif; font-size: small;\"><span style=\"color: #000000; font-family: Arial, Helvetica, sans-serif; font-size: small;\">Bluetooth 5.0 mit Unterst\u00fctzung von aptX HD (Qualcomm CSR8675)<\/span><\/span><\/li>\n<li><span style=\"color: #ff0000; font-family: Arial, Helvetica, sans-serif; font-size: small;\"><span style=\"color: #000000;\">Kabellos Musik von PC, Smartphone oder Tablet in CD-Qualit\u00e4t<\/span><\/span><span style=\"font-family: Arial, Helvetica, sans-serif; font-size: small;\">\u00a0h\u00f6ren<\/span><\/li>\n<li><span style=\"font-family: Arial, Helvetica, sans-serif; font-size: small;\">Inklusive Fernbedienung<\/span><\/li>\n<li><span style=\"font-family: Arial, Helvetica, sans-serif; font-size: small;\">Drehbare Display-Anzeige, so dass der Conductor 3 quer oder hoch aufgestellt werden kann<\/span><\/li>\n<li><span style=\"color: #000000; font-family: Arial, Helvetica, sans-serif; font-size: small;\">Eing\u00e4nge: USB-C, Optical Toslink, Coaxial, Bluetooth 5.0, 3.5 mm Mikrofon-Eingang<\/span><\/li>\n<li><span style=\"font-family: Arial, Helvetica, sans-serif; font-size: small;\">Ausg\u00e4nge: 1 x 6.3 mm Kopfh\u00f6rer-Buchse, 1 x Cinch RCA Vorverst\u00e4rker, 1 x Cinch RCA Line Level DAC<\/span><\/li>\n<li><span style=\"font-family: Arial, Helvetica, sans-serif; font-size: small;\">4 Watt Klasse A Bauweise<\/span><\/li>\n<li><span style=\"font-family: Arial, Helvetica, sans-serif; font-size: small;\">1x SABRE32\/ESS9038Q2M DAC von ESS Technology<\/span><\/li>\n<li><span style=\"font-family: Arial, Helvetica, sans-serif; font-size: small;\">XMOS USB von Thesycon, Deutschland mit Unterst\u00fctzung bis DSD512<\/span><\/li>\n<li><span style=\"font-family: Arial, Helvetica, sans-serif; font-size: small;\">Unterst\u00fctzt bis zu 32 Bit \/ 768 kHz Audio<\/span><\/li>\n<li><span style=\"font-family: Arial, Helvetica, sans-serif; font-size: small;\">Mikrofon-Eingang<\/span><\/li>\n<li><span style=\"font-family: Arial, Helvetica, sans-serif; font-size: small;\">Unterst\u00fctzt Windows XP, 7, 8, 10 und Mac OS X<\/span><\/li>\n<li><span style=\"color: #000000; font-family: Arial, Helvetica, sans-serif; font-size: small;\">Unterst\u00fctzt iOS und Android (OTG Adapter notwendig, nicht im Lieferumfang)<\/span><\/li>\n<li><span style=\"color: #000000; font-family: Arial, Helvetica, sans-serif; font-size: small;\">Eingangsimpedanz: 38 KOhm<\/span><\/li>\n<li><span style=\"color: #000000; font-family: Arial, Helvetica, sans-serif; font-size: small;\">Frequenzgang: \u00b1 1 dB 0 \u2013 58 kHz<\/span><\/li>\n<li><span style=\"color: #000000; font-family: Arial, Helvetica, sans-serif; font-size: small;\">Klirrfaktor (THD): &lt;0.0017%<\/span><\/li>\n<li><span style=\"font-family: Arial, Helvetica, sans-serif; font-size: small;\">Kopfh\u00f6rer Impedanz: 16 Ohm: 4W \/ 32 Ohm: 2W \/ 100 Ohm: 640 mW \/ 150 Ohm: 420mW \/ 300 Ohm: 160mW<\/span><\/li>\n<li><span style=\"color: #000000; font-family: Arial, Helvetica, sans-serif; font-size: small;\">Ausgangsimpedanz Kopfh\u00f6rer-Verst\u00e4rker: 0.6 Ohm<\/span><\/li>\n<li><span style=\"color: #000000; font-family: Arial, Helvetica, sans-serif; font-size: small;\">Ausgangsimpedanz Pre-Out \/ DAC Out: 1 Ohm \/ 25 Ohm<\/span><\/li>\n<li><span style=\"color: #000000; font-family: Arial, Helvetica, sans-serif; font-size: small;\">Abmessungen:\u00a0<\/span><span style=\"font-family: Arial, Helvetica, sans-serif; font-size: small;\">200 x 250 x 60 mm<\/span><\/li>\n<li><span style=\"color: #000000; font-family: Arial, Helvetica, sans-serif; font-size: small;\">Gewicht: 3 kg<\/span><span style=\"color: #ff0000; font-family: Arial, Helvetica, sans-serif; font-size: small;\"><strong><span style=\"color: #000000;\">DAC<\/span><\/strong><\/span><\/li>\n<li><span style=\"color: #000000; font-family: Arial, Helvetica, sans-serif; font-size: small;\">Kanaltrennung: 142 dB @ 1KHz, 135 dB @ 20KHz<\/span><\/li>\n<li><span style=\"color: #000000; font-family: Arial, Helvetica, sans-serif; font-size: small;\">THD+ N: 0.0005% @ 1KHz, 0 dBFS<\/span><\/li>\n<li><span style=\"color: #000000; font-family: Arial, Helvetica, sans-serif; font-size: small;\">COAX &amp; Toslink\/SPDIF: bis 24 Bit \/ 192 kHz<\/span><span style=\"color: #ff0000; font-family: Arial, Helvetica, sans-serif; font-size: small;\"><strong><span style=\"color: #000000;\">Asynchroner\/Isochroner USB<\/span><\/strong><\/span><\/li>\n<li><span style=\"color: #000000; font-family: Arial, Helvetica, sans-serif; font-size: small;\">Desktop OS: Windows XP, 7, 8, 10, Mac OS X<\/span><\/li>\n<li><span style=\"color: #000000; font-family: Arial, Helvetica, sans-serif; font-size: small;\">Mobile OS:\u00a0<\/span><span style=\"color: #000000; font-family: Arial, Helvetica, sans-serif;\"><span style=\"font-size: small;\">iOS und Android mit OTG Unterst\u00fctzung<\/span><\/span><\/li>\n<li><span style=\"color: #000000; font-family: Arial, Helvetica, sans-serif; font-size: small;\">PCM Unterst\u00fctzung: 768 kHz @ 16, 24 oder 32 Bits<\/span><\/li>\n<li><span style=\"color: #000000; font-family: Arial, Helvetica, sans-serif; font-size: small;\">Native DSD: DSD 64 \/ 128 \/ 256<\/span><span style=\"color: #000000; font-family: Arial, Helvetica, sans-serif;\">\u00a0\/ 512<\/span><\/li>\n<li><span style=\"color: #000000; font-family: Arial, Helvetica, sans-serif; font-size: small;\">DSD \u00fcber PCM: DoP64 \/ DoP128 \/ DoP256 \/ DoP512<\/span><\/li>\n<\/ul>\n<p><span style=\"color: #ff0000; font-family: Arial, Helvetica, sans-serif; font-size: small;\"><strong><span style=\"color: #000000;\">Lieferumfang<\/span><\/strong><\/span><\/p>\n<ul>\n<li><span style=\"color: #000000; font-family: Arial, Helvetica, sans-serif; font-size: small;\">Conductor 3 Performance<\/span><\/li>\n<li><span style=\"color: #000000; font-family: Arial, Helvetica, sans-serif; font-size: small;\">Fernbedienung<\/span><\/li>\n<li><span style=\"color: #000000; font-family: Arial, Helvetica, sans-serif; font-size: small;\">Netzteil<\/span><\/li>\n<li><span style=\"font-family: Arial, Helvetica, sans-serif; font-size: small;\">USB-Kabel (USB-C auf USB-C)<\/span><\/li>\n<li><span style=\"font-family: Arial, Helvetica, sans-serif; font-size: small;\">Ersatz-Sicherung und Inbusschl\u00fcssel<\/span><\/li>\n<li><span style=\"font-family: Arial, Helvetica, sans-serif; font-size: small;\">Ersatz-IC-Operationsverst\u00e4rker<\/span><\/li>\n<li><span style=\"font-size: small;\">Y-Adapter zum separaten Anschluss von Kopfh\u00f6rer und Mikrofon (<\/span>3.5 mm m\u00e4nnlich auf 2 x 3.5 mm weiblich)<\/li>\n<\/ul>\n<p>&nbsp;<\/p>\n<ul>\n<li><span style=\"color: #000000;\">Bedienungsanleitung in Englisch:\u00a0<\/span><u><a href=\"https:\/\/www.bursonaudio.com\/downloads\/\" target=\"_blank\" rel=\"noopener\"><span style=\"color: #0066cc;\">https:\/\/www.bursonaudio.com\/downloads\/<\/span><\/a><\/u><span style=\"color: #000000;\"><strong>\u00a0<\/strong><\/span><\/li>\n<\/ul>\n","protected":false},"excerpt":{"rendered":"<p><span style=\"font-family: Arial, Helvetica, sans-serif; font-size: medium;\"><span style=\"color: #000000;\"><span style=\"font-size: small;\">Kopfh\u00f6rer-Verst\u00e4rker \/ Vorverst\u00e4rker \/ USB DAC (DSD) \/\u00a0<\/span><span style=\"font-size: small;\">1<\/span><span style=\"font-family: Arial, Helvetica, sans-serif; font-size: small;\">x ESS9038 DAC<\/span><\/span><\/span><\/p>\n","protected":false},"featured_media":1233,"comment_status":"open","ping_status":"closed","template":"","meta":[],"product_brand":[],"product_cat":[43,42,134,136],"product_tag":[],"class_list":{"0":"post-1231","1":"product","2":"type-product","3":"status-publish","4":"has-post-thumbnail","6":"product_cat-dac","7":"product_cat-kopfhoerer-verstaerker","8":"product_cat-stationaer","9":"product_cat-stationaer-kopfhoerer-verstaerker","11":"first","12":"instock","13":"shipping-taxable","14":"purchasable","15":"product-type-simple"},"_links":{"self":[{"href":"https:\/\/aa-services.ch\/WP\/wp-json\/wp\/v2\/product\/1231","targetHints":{"allow":["GET"]}}],"collection":[{"href":"https:\/\/aa-services.ch\/WP\/wp-json\/wp\/v2\/product"}],"about":[{"href":"https:\/\/aa-services.ch\/WP\/wp-json\/wp\/v2\/types\/product"}],"replies":[{"embeddable":true,"href":"https:\/\/aa-services.ch\/WP\/wp-json\/wp\/v2\/comments?post=1231"}],"wp:featuredmedia":[{"embeddable":true,"href":"https:\/\/aa-services.ch\/WP\/wp-json\/wp\/v2\/media\/1233"}],"wp:attachment":[{"href":"https:\/\/aa-services.ch\/WP\/wp-json\/wp\/v2\/media?parent=1231"}],"wp:term":[{"taxonomy":"product_brand","embeddable":true,"href":"https:\/\/aa-services.ch\/WP\/wp-json\/wp\/v2\/product_brand?post=1231"},{"taxonomy":"product_cat","embeddable":true,"href":"https:\/\/aa-services.ch\/WP\/wp-json\/wp\/v2\/product_cat?post=1231"},{"taxonomy":"product_tag","embeddable":true,"href":"https:\/\/aa-services.ch\/WP\/wp-json\/wp\/v2\/product_tag?post=1231"}],"curies":[{"name":"wp","href":"https:\/\/api.w.org\/{rel}","templated":true}]}}