{"id":1541,"date":"2023-10-16T09:58:15","date_gmt":"2023-10-16T07:58:15","guid":{"rendered":"https:\/\/aa-services.ch\/WP\/?post_type=product&#038;p=1541"},"modified":"2023-10-16T09:58:15","modified_gmt":"2023-10-16T07:58:15","slug":"moonriver-model-404","status":"publish","type":"product","link":"https:\/\/aa-services.ch\/WP\/produkt\/moonriver-model-404\/","title":{"rendered":"Moonriver Model 404"},"content":{"rendered":"<p>Ein Vollverst\u00e4rker, der nicht nur mit seinem \u00c4usseren \u00fcberzeugt. Kann (auch nachtr\u00e4glich) mit einem USB-DAC und \/oder Phono-Preamp ausger\u00fcstet werden. Gebaut in Schweden.<\/p>\n<p>Der 404 steht bei uns zum Probeh\u00f6ren bereit.<\/p>\n<h4>Specifications:<\/h4>\n<ul>\n<li>Inputs: 5 (line 1 and 4 optionally occupied by phono stage and USB DAC respectively, 1 x tape loop)<\/li>\n<li>Outputs: 2 x preamp out, 1 x rec out<\/li>\n<li>Max output power: 50 W per channel into 8 \u03a9<\/li>\n<li>Frequency response: 10 Hz to 50 kHz<\/li>\n<li>Total harmonic distortion: 0.05%<\/li>\n<li>Signal to noise ratio: 85 dB (line)<\/li>\n<li>Idle Consumption: 22 Watts<\/li>\n<li>Dimensions (mm): 430 (W) x 390 (D) x 135 (H)<\/li>\n<li>Weight: 12 kg<\/li>\n<\/ul>\n","protected":false},"excerpt":{"rendered":"<p>Ein Vollverst\u00e4rker, der nicht nur mit seinem \u00c4usseren \u00fcberzeugt. Kann (auch nachtr\u00e4glich) mit einem USB-DAC und \/oder Phono-Preamp ausger\u00fcstet werden. Gebaut in Schweden. Der 404 steht bei uns zum Probeh\u00f6ren bereit. Specifications: Inputs: 5 (line 1 and 4 optionally occupied by phono stage and USB DAC respectively, 1 x tape loop) Outputs: 2 x preamp<\/p>\n<p class=\"more-link\"><a href=\"https:\/\/aa-services.ch\/WP\/produkt\/moonriver-model-404\/\" class=\"themebutton2\">Read More<\/a><\/p>\n","protected":false},"featured_media":1542,"comment_status":"open","ping_status":"closed","template":"","meta":[],"product_brand":[],"product_cat":[41],"product_tag":[95,94,93,96],"class_list":{"0":"post-1541","1":"product","2":"type-product","3":"status-publish","4":"has-post-thumbnail","6":"product_cat-verstaerker","7":"product_tag-integrated-amplifier","8":"product_tag-model-404","9":"product_tag-moonriver","10":"product_tag-vollverstaerker","12":"first","13":"instock","14":"shipping-taxable","15":"purchasable","16":"product-type-simple"},"_links":{"self":[{"href":"https:\/\/aa-services.ch\/WP\/wp-json\/wp\/v2\/product\/1541","targetHints":{"allow":["GET"]}}],"collection":[{"href":"https:\/\/aa-services.ch\/WP\/wp-json\/wp\/v2\/product"}],"about":[{"href":"https:\/\/aa-services.ch\/WP\/wp-json\/wp\/v2\/types\/product"}],"replies":[{"embeddable":true,"href":"https:\/\/aa-services.ch\/WP\/wp-json\/wp\/v2\/comments?post=1541"}],"wp:featuredmedia":[{"embeddable":true,"href":"https:\/\/aa-services.ch\/WP\/wp-json\/wp\/v2\/media\/1542"}],"wp:attachment":[{"href":"https:\/\/aa-services.ch\/WP\/wp-json\/wp\/v2\/media?parent=1541"}],"wp:term":[{"taxonomy":"product_brand","embeddable":true,"href":"https:\/\/aa-services.ch\/WP\/wp-json\/wp\/v2\/product_brand?post=1541"},{"taxonomy":"product_cat","embeddable":true,"href":"https:\/\/aa-services.ch\/WP\/wp-json\/wp\/v2\/product_cat?post=1541"},{"taxonomy":"product_tag","embeddable":true,"href":"https:\/\/aa-services.ch\/WP\/wp-json\/wp\/v2\/product_tag?post=1541"}],"curies":[{"name":"wp","href":"https:\/\/api.w.org\/{rel}","templated":true}]}}