{"id":1545,"date":"2023-10-16T10:06:39","date_gmt":"2023-10-16T08:06:39","guid":{"rendered":"https:\/\/aa-services.ch\/WP\/?post_type=product&#038;p=1545"},"modified":"2023-10-16T10:09:56","modified_gmt":"2023-10-16T08:09:56","slug":"moonriver-model-404-reference","status":"publish","type":"product","link":"https:\/\/aa-services.ch\/WP\/produkt\/moonriver-model-404-reference\/","title":{"rendered":"Moonriver Model 404 Reference"},"content":{"rendered":"<p>Ein Vollverst\u00e4rker, der nicht nur mit seinem \u00c4usseren \u00fcberzeugt. Der <em>404 Reference<\/em> wurde gegen\u00fcber dem <em>404<\/em> Standardmodell nochmals optimiert, so auch in der Stromversorgung. Kann (auch nachtr\u00e4glich) mit einem USB-DAC und \/oder Phono-Preamp ausger\u00fcstet werden. Gebaut in Schweden.<\/p>\n<p>Der<em> 404 Reference<\/em> steht bei uns zum Probeh\u00f6ren bereit.<\/p>\n<h4>Specifications:<\/h4>\n<ul>\n<li>Inputs: 5 (line 1 and 4 optionally occupied by phono stage and USB DAC respectively, 1 x tape loop)<\/li>\n<li>Outputs: 2 x preamp out, 1 x rec out<\/li>\n<li>Max output power: 50 W \/ channel into 8 \u03a9<\/li>\n<li>Frequency response: 10 Hz to 50 kHz<\/li>\n<li>Total harmonic distortion: 0.05%<\/li>\n<li>Signal to noise ratio: 85 dB (line)<\/li>\n<li>Idle Consumption: 22 Watts<\/li>\n<li>Dimensions (mm): 430 (W) x 390 (D) x 135 (H)<\/li>\n<li>Weight: 13 kg<\/li>\n<\/ul>\n","protected":false},"excerpt":{"rendered":"<p>Ein Vollverst\u00e4rker, der nicht nur mit seinem \u00c4usseren \u00fcberzeugt. Der 404 Reference wurde gegen\u00fcber dem 404 Standardmodell nochmals optimiert, so auch in der Stromversorgung. Kann (auch nachtr\u00e4glich) mit einem USB-DAC und \/oder Phono-Preamp ausger\u00fcstet werden. Gebaut in Schweden. Der 404 Reference steht bei uns zum Probeh\u00f6ren bereit. Specifications: Inputs: 5 (line 1 and 4 optionally<\/p>\n<p class=\"more-link\"><a href=\"https:\/\/aa-services.ch\/WP\/produkt\/moonriver-model-404-reference\/\" class=\"themebutton2\">Read More<\/a><\/p>\n","protected":false},"featured_media":1546,"comment_status":"open","ping_status":"closed","template":"","meta":[],"product_brand":[],"product_cat":[41],"product_tag":[95,93,96],"class_list":{"0":"post-1545","1":"product","2":"type-product","3":"status-publish","4":"has-post-thumbnail","6":"product_cat-verstaerker","7":"product_tag-integrated-amplifier","8":"product_tag-moonriver","9":"product_tag-vollverstaerker","11":"first","12":"instock","13":"shipping-taxable","14":"purchasable","15":"product-type-simple"},"_links":{"self":[{"href":"https:\/\/aa-services.ch\/WP\/wp-json\/wp\/v2\/product\/1545","targetHints":{"allow":["GET"]}}],"collection":[{"href":"https:\/\/aa-services.ch\/WP\/wp-json\/wp\/v2\/product"}],"about":[{"href":"https:\/\/aa-services.ch\/WP\/wp-json\/wp\/v2\/types\/product"}],"replies":[{"embeddable":true,"href":"https:\/\/aa-services.ch\/WP\/wp-json\/wp\/v2\/comments?post=1545"}],"wp:featuredmedia":[{"embeddable":true,"href":"https:\/\/aa-services.ch\/WP\/wp-json\/wp\/v2\/media\/1546"}],"wp:attachment":[{"href":"https:\/\/aa-services.ch\/WP\/wp-json\/wp\/v2\/media?parent=1545"}],"wp:term":[{"taxonomy":"product_brand","embeddable":true,"href":"https:\/\/aa-services.ch\/WP\/wp-json\/wp\/v2\/product_brand?post=1545"},{"taxonomy":"product_cat","embeddable":true,"href":"https:\/\/aa-services.ch\/WP\/wp-json\/wp\/v2\/product_cat?post=1545"},{"taxonomy":"product_tag","embeddable":true,"href":"https:\/\/aa-services.ch\/WP\/wp-json\/wp\/v2\/product_tag?post=1545"}],"curies":[{"name":"wp","href":"https:\/\/api.w.org\/{rel}","templated":true}]}}