{"id":1652,"date":"2024-02-26T11:33:20","date_gmt":"2024-02-26T10:33:20","guid":{"rendered":"https:\/\/aa-services.ch\/WP\/?post_type=product&#038;p=1652"},"modified":"2024-02-26T11:35:31","modified_gmt":"2024-02-26T10:35:31","slug":"winyl-one-touch-stylusreiniger","status":"publish","type":"product","link":"https:\/\/aa-services.ch\/WP\/produkt\/winyl-one-touch-stylusreiniger\/","title":{"rendered":"Winyl One-Touch, Stylusreiniger"},"content":{"rendered":"<p><strong>Der beste &amp; sicherste Nadelreiniger<\/strong><\/p>\n<p><em>One-Touch Polymer Stylus Cleaner<\/em>. Die beste (und auch sicherste!) Art seinen Tonabnehmer zu reinigen \/ sauber zu halten.<\/p>\n<p>&#8211; 100% sicher<\/p>\n<p>&#8211; Entfernt Staub und andere Verschmutzung<\/p>\n<p>&#8211; Hinterl\u00e4sst keine R\u00fcckst\u00e4nde am Tonabnehmer<\/p>\n<p>&#8211; Keine Beanspruchung der Aufh\u00e4ngung \/ des Nadeltr\u00e4gers<\/p>\n<p>&#8211; Reduziert Abspielger\u00e4usche und Verzerrung<\/p>\n","protected":false},"excerpt":{"rendered":"<p>Stylus-Reiniger<\/p>\n","protected":false},"featured_media":1653,"comment_status":"open","ping_status":"closed","template":"","meta":[],"product_brand":[],"product_cat":[83,97],"product_tag":[125,123,126,98],"class_list":{"0":"post-1652","1":"product","2":"type-product","3":"status-publish","4":"has-post-thumbnail","6":"product_cat-phono","7":"product_cat-phono-zubehoer","8":"product_tag-nadelreiniger","9":"product_tag-schallplattenwaesche","10":"product_tag-stylus-reiniger","11":"product_tag-winyl","13":"first","14":"instock","15":"shipping-taxable","16":"purchasable","17":"product-type-simple"},"_links":{"self":[{"href":"https:\/\/aa-services.ch\/WP\/wp-json\/wp\/v2\/product\/1652","targetHints":{"allow":["GET"]}}],"collection":[{"href":"https:\/\/aa-services.ch\/WP\/wp-json\/wp\/v2\/product"}],"about":[{"href":"https:\/\/aa-services.ch\/WP\/wp-json\/wp\/v2\/types\/product"}],"replies":[{"embeddable":true,"href":"https:\/\/aa-services.ch\/WP\/wp-json\/wp\/v2\/comments?post=1652"}],"wp:featuredmedia":[{"embeddable":true,"href":"https:\/\/aa-services.ch\/WP\/wp-json\/wp\/v2\/media\/1653"}],"wp:attachment":[{"href":"https:\/\/aa-services.ch\/WP\/wp-json\/wp\/v2\/media?parent=1652"}],"wp:term":[{"taxonomy":"product_brand","embeddable":true,"href":"https:\/\/aa-services.ch\/WP\/wp-json\/wp\/v2\/product_brand?post=1652"},{"taxonomy":"product_cat","embeddable":true,"href":"https:\/\/aa-services.ch\/WP\/wp-json\/wp\/v2\/product_cat?post=1652"},{"taxonomy":"product_tag","embeddable":true,"href":"https:\/\/aa-services.ch\/WP\/wp-json\/wp\/v2\/product_tag?post=1652"}],"curies":[{"name":"wp","href":"https:\/\/api.w.org\/{rel}","templated":true}]}}