{"id":1656,"date":"2024-02-26T11:55:50","date_gmt":"2024-02-26T10:55:50","guid":{"rendered":"https:\/\/aa-services.ch\/WP\/?post_type=product&#038;p=1656"},"modified":"2024-02-26T12:00:33","modified_gmt":"2024-02-26T11:00:33","slug":"winyl-101-sonic-blue","status":"publish","type":"product","link":"https:\/\/aa-services.ch\/WP\/produkt\/winyl-101-sonic-blue\/","title":{"rendered":"Winyl 101 Sonic Blue"},"content":{"rendered":"<p><strong>Die ultimative Reinigungs-L\u00f6sung f\u00fcr die digitale Musik-\/Video-Sammlung<\/strong><\/p>\n<p>F\u00fcr CD, DVD, Blu-Ray, SACD, VCD, CD-R, CDRW<\/p>\n<p>Die ultimative Reinigungs-L\u00f6sung f\u00fcr die digitale Sammlung. Verbessert das Bild und den Klang.<\/p>\n<p>&#8211; Mehr Detail, Tiefe, Klarheit und Laufruhe<\/p>\n<p>&#8211; Verhindert Signalphasen-Verzerrungen<\/p>\n<p>&#8211; Keine R\u00fcckst\u00e4nde oder Verf\u00e4rbungen<\/p>\n<p>&#8211; Antistatisch<\/p>\n<p>&#8211; Eine Flasche reicht f\u00fcr bis zu 800 Discs<\/p>\n<p>&#8211; 2 Microfiber-T\u00fccher im Lieferumfang enthalten<\/p>\n","protected":false},"excerpt":{"rendered":"<p>Reinigungsmittel f\u00fcr CD, DVD, Blu-Ray, SACD, VCD, CD-R, CDRW<\/p>\n","protected":false},"featured_media":1657,"comment_status":"open","ping_status":"closed","template":"","meta":[],"product_brand":[],"product_cat":[129],"product_tag":[133,131,132,130,98],"class_list":{"0":"post-1656","1":"product","2":"type-product","3":"status-publish","4":"has-post-thumbnail","6":"product_cat-zubehoer","7":"product_tag-bluray-reinigung","8":"product_tag-cd-reinigung","9":"product_tag-dvd-reinigung","10":"product_tag-tontraeger-pflege","11":"product_tag-winyl","13":"first","14":"instock","15":"shipping-taxable","16":"purchasable","17":"product-type-simple"},"_links":{"self":[{"href":"https:\/\/aa-services.ch\/WP\/wp-json\/wp\/v2\/product\/1656","targetHints":{"allow":["GET"]}}],"collection":[{"href":"https:\/\/aa-services.ch\/WP\/wp-json\/wp\/v2\/product"}],"about":[{"href":"https:\/\/aa-services.ch\/WP\/wp-json\/wp\/v2\/types\/product"}],"replies":[{"embeddable":true,"href":"https:\/\/aa-services.ch\/WP\/wp-json\/wp\/v2\/comments?post=1656"}],"wp:featuredmedia":[{"embeddable":true,"href":"https:\/\/aa-services.ch\/WP\/wp-json\/wp\/v2\/media\/1657"}],"wp:attachment":[{"href":"https:\/\/aa-services.ch\/WP\/wp-json\/wp\/v2\/media?parent=1656"}],"wp:term":[{"taxonomy":"product_brand","embeddable":true,"href":"https:\/\/aa-services.ch\/WP\/wp-json\/wp\/v2\/product_brand?post=1656"},{"taxonomy":"product_cat","embeddable":true,"href":"https:\/\/aa-services.ch\/WP\/wp-json\/wp\/v2\/product_cat?post=1656"},{"taxonomy":"product_tag","embeddable":true,"href":"https:\/\/aa-services.ch\/WP\/wp-json\/wp\/v2\/product_tag?post=1656"}],"curies":[{"name":"wp","href":"https:\/\/api.w.org\/{rel}","templated":true}]}}