{"id":1660,"date":"2024-03-12T12:43:14","date_gmt":"2024-03-12T11:43:14","guid":{"rendered":"https:\/\/aa-services.ch\/WP\/?post_type=product&#038;p=1660"},"modified":"2024-03-12T12:51:00","modified_gmt":"2024-03-12T11:51:00","slug":"sumiko-amethyst","status":"publish","type":"product","link":"https:\/\/aa-services.ch\/WP\/produkt\/sumiko-amethyst\/","title":{"rendered":"Sumiko Amethyst"},"content":{"rendered":"<p>Das Highlight aller MM Systeme, nicht nur von Sumiko. Das Amethyst \u00fcberzeugt durch ein ausgewogenes, nat\u00fcrliches Klangbild. Dank einer reduzierten Ausgangsspannung und einem Resonanzoptimierten Geh\u00e4use werden St\u00f6rger\u00e4usche gekonnt reduziert. Ein Nude Line Contact Nadelkopf tastet die Platte bis ins innerste ab und erzeugt so ein detailreiches und pr\u00e4zises Klangbild.<\/p>\n<p>F\u00fcr leichte bis mittelschwere Tonarme geeignet, mit optionalem Nadeleinschub f\u00fcr 78 rpm Schellackplatten aufr\u00fcstbar.<\/p>\n<p>Specs:<\/p>\n<ul>\n<li>Ausgangsspannung: 2,5mV<\/li>\n<li>Verst\u00e4rkeranschluss\/Abschluss: Phono MM\/47k\u03a9<\/li>\n<li>Gewicht: 6,5g<\/li>\n<li>Dynamische Nadelnachgiebigkeit, lateral: 12\u03bcm*<\/li>\n<li>Abtastdiamant: Line contact, nackt (r\/R 2 x 18\u03bcm).<\/li>\n<li>Auflagekraft: 2g<\/li>\n<\/ul>\n","protected":false},"excerpt":{"rendered":"<p>Sumiko Amethyst MM Tonabnehmer<\/p>\n","protected":false},"featured_media":1661,"comment_status":"open","ping_status":"closed","template":"","meta":[],"product_brand":[],"product_cat":[83,85],"product_tag":[139,66,138,67],"class_list":{"0":"post-1660","1":"product","2":"type-product","3":"status-publish","4":"has-post-thumbnail","6":"product_cat-phono","7":"product_cat-tonabnehmer-phono","8":"product_tag-amethyst","9":"product_tag-mm","10":"product_tag-sumiko","11":"product_tag-tonabnehmer","13":"first","14":"instock","15":"shipping-taxable","16":"purchasable","17":"product-type-simple"},"_links":{"self":[{"href":"https:\/\/aa-services.ch\/WP\/wp-json\/wp\/v2\/product\/1660","targetHints":{"allow":["GET"]}}],"collection":[{"href":"https:\/\/aa-services.ch\/WP\/wp-json\/wp\/v2\/product"}],"about":[{"href":"https:\/\/aa-services.ch\/WP\/wp-json\/wp\/v2\/types\/product"}],"replies":[{"embeddable":true,"href":"https:\/\/aa-services.ch\/WP\/wp-json\/wp\/v2\/comments?post=1660"}],"wp:featuredmedia":[{"embeddable":true,"href":"https:\/\/aa-services.ch\/WP\/wp-json\/wp\/v2\/media\/1661"}],"wp:attachment":[{"href":"https:\/\/aa-services.ch\/WP\/wp-json\/wp\/v2\/media?parent=1660"}],"wp:term":[{"taxonomy":"product_brand","embeddable":true,"href":"https:\/\/aa-services.ch\/WP\/wp-json\/wp\/v2\/product_brand?post=1660"},{"taxonomy":"product_cat","embeddable":true,"href":"https:\/\/aa-services.ch\/WP\/wp-json\/wp\/v2\/product_cat?post=1660"},{"taxonomy":"product_tag","embeddable":true,"href":"https:\/\/aa-services.ch\/WP\/wp-json\/wp\/v2\/product_tag?post=1660"}],"curies":[{"name":"wp","href":"https:\/\/api.w.org\/{rel}","templated":true}]}}