{"id":980,"date":"2022-08-24T15:03:48","date_gmt":"2022-08-24T13:03:48","guid":{"rendered":"http:\/\/aa-services.ch\/WP\/?post_type=product&#038;p=980"},"modified":"2024-03-10T13:10:39","modified_gmt":"2024-03-10T12:10:39","slug":"xduoo-ta-20","status":"publish","type":"product","link":"https:\/\/aa-services.ch\/WP\/produkt\/xduoo-ta-20\/","title":{"rendered":"xDuoo TA-20"},"content":{"rendered":"<p>Kraftvoller R\u00f6hren-Kopfh\u00f6rerverst\u00e4rker, weitere Infos finden sich auf den Bildern.<\/p>\n","protected":false},"excerpt":{"rendered":"<p>Kraftvoller R\u00f6hren-Kopfh\u00f6rerverst\u00e4rker, weitere Infos finden sich auf den Bildern.<\/p>\n","protected":false},"featured_media":981,"comment_status":"open","ping_status":"closed","template":"","meta":[],"product_brand":[],"product_cat":[42,136],"product_tag":[],"class_list":{"0":"post-980","1":"product","2":"type-product","3":"status-publish","4":"has-post-thumbnail","6":"product_cat-kopfhoerer-verstaerker","7":"product_cat-stationaer-kopfhoerer-verstaerker","9":"first","10":"instock","11":"shipping-taxable","12":"purchasable","13":"product-type-simple"},"_links":{"self":[{"href":"https:\/\/aa-services.ch\/WP\/wp-json\/wp\/v2\/product\/980","targetHints":{"allow":["GET"]}}],"collection":[{"href":"https:\/\/aa-services.ch\/WP\/wp-json\/wp\/v2\/product"}],"about":[{"href":"https:\/\/aa-services.ch\/WP\/wp-json\/wp\/v2\/types\/product"}],"replies":[{"embeddable":true,"href":"https:\/\/aa-services.ch\/WP\/wp-json\/wp\/v2\/comments?post=980"}],"wp:featuredmedia":[{"embeddable":true,"href":"https:\/\/aa-services.ch\/WP\/wp-json\/wp\/v2\/media\/981"}],"wp:attachment":[{"href":"https:\/\/aa-services.ch\/WP\/wp-json\/wp\/v2\/media?parent=980"}],"wp:term":[{"taxonomy":"product_brand","embeddable":true,"href":"https:\/\/aa-services.ch\/WP\/wp-json\/wp\/v2\/product_brand?post=980"},{"taxonomy":"product_cat","embeddable":true,"href":"https:\/\/aa-services.ch\/WP\/wp-json\/wp\/v2\/product_cat?post=980"},{"taxonomy":"product_tag","embeddable":true,"href":"https:\/\/aa-services.ch\/WP\/wp-json\/wp\/v2\/product_tag?post=980"}],"curies":[{"name":"wp","href":"https:\/\/api.w.org\/{rel}","templated":true}]}}